{"id":3509,"date":"2026-03-26T17:03:07","date_gmt":"2026-03-26T16:03:07","guid":{"rendered":"https:\/\/www.hallenbarter-nordic.ch\/cours-de-3-jours\/"},"modified":"2026-03-31T09:16:40","modified_gmt":"2026-03-31T07:16:40","slug":"cours-de-3-jours","status":"publish","type":"page","link":"https:\/\/www.hallenbarter-nordic.ch\/fr\/ecole-de-ski-de-fond\/cours-de-3-jours\/","title":{"rendered":"Cours de 3 jours"},"content":{"rendered":"\t\t<div data-elementor-type=\"wp-page\" data-elementor-id=\"3509\" class=\"elementor elementor-3509 elementor-3497\" data-elementor-post-type=\"page\">\n\t\t\t\t<div class=\"elementor-element elementor-element-f8e19be e-con-full animated-slow e-flex elementor-invisible e-con e-parent\" data-id=\"f8e19be\" data-element_type=\"container\" data-settings=\"{&quot;animation&quot;:&quot;fadeIn&quot;}\">\n\t\t\t\t<div class=\"elementor-element elementor-element-7e31118 elementor-absolute elementor-widget__width-auto elementor-widget elementor-widget-text-path\" data-id=\"7e31118\" data-element_type=\"widget\" data-settings=\"{&quot;text&quot;:&quot;Ski de fond -- Passion -- Mode de vie --&quot;,&quot;_position&quot;:&quot;absolute&quot;,&quot;align&quot;:&quot;left&quot;,&quot;motion_fx_motion_fx_scrolling&quot;:&quot;yes&quot;,&quot;motion_fx_rotateZ_effect&quot;:&quot;yes&quot;,&quot;link&quot;:{&quot;url&quot;:&quot;&quot;,&quot;is_external&quot;:&quot;&quot;,&quot;nofollow&quot;:&quot;&quot;,&quot;custom_attributes&quot;:&quot;&quot;},&quot;start_point&quot;:{&quot;unit&quot;:&quot;%&quot;,&quot;size&quot;:0,&quot;sizes&quot;:[]},&quot;motion_fx_rotateZ_speed&quot;:{&quot;unit&quot;:&quot;px&quot;,&quot;size&quot;:1,&quot;sizes&quot;:[]},&quot;motion_fx_rotateZ_affectedRange&quot;:{&quot;unit&quot;:&quot;%&quot;,&quot;size&quot;:&quot;&quot;,&quot;sizes&quot;:{&quot;start&quot;:0,&quot;end&quot;:100}},&quot;motion_fx_devices&quot;:[&quot;desktop&quot;,&quot;laptop&quot;,&quot;tablet_extra&quot;,&quot;tablet&quot;,&quot;mobile_extra&quot;,&quot;mobile&quot;]}\" data-widget_type=\"text-path.default\">\n\t\t\t\t<div class=\"elementor-widget-container\">\n\t\t\t\t\t\t\t<div class=\"e-text-path\" data-text=\"Ski de fond -- Passion -- Mode de vie --\" data-url=\"\/\/www.hallenbarter-nordic.ch\/wp-content\/plugins\/elementor\/assets\/svg-paths\/circle.svg\" data-link-url=\"\"><\/div>\n\t\t\t\t\t\t<\/div>\n\t\t\t\t<\/div>\n\t\t<div class=\"elementor-element elementor-element-7ee7f9f e-con-full e-flex e-con e-child\" data-id=\"7ee7f9f\" data-element_type=\"container\">\n\t\t<div class=\"elementor-element elementor-element-5d3bb9b e-con-full e-flex e-con e-child\" data-id=\"5d3bb9b\" data-element_type=\"container\">\n\t\t\t\t<div class=\"elementor-element elementor-element-9df7d77 elementor-widget elementor-widget-heading\" data-id=\"9df7d77\" data-element_type=\"widget\" data-widget_type=\"heading.default\">\n\t\t\t\t<div class=\"elementor-widget-container\">\n\t\t\t\t\t<h1 class=\"elementor-heading-title elementor-size-default\">Cours de 3 jours<\/h1>\t\t\t\t<\/div>\n\t\t\t\t<\/div>\n\t\t\t\t<div class=\"elementor-element elementor-element-a82344b elementor-widget__width-initial elementor-widget elementor-widget-heading\" data-id=\"a82344b\" data-element_type=\"widget\" data-widget_type=\"heading.default\">\n\t\t\t\t<div class=\"elementor-widget-container\">\n\t\t\t\t\t<h2 class=\"elementor-heading-title elementor-size-default\">OPTIMISATION TECHNIQUE POUR TOUS LES NIVEAUX<\/h2>\t\t\t\t<\/div>\n\t\t\t\t<\/div>\n\t\t\t\t<div class=\"elementor-element elementor-element-3bb061d elementor-widget__width-initial elementor-widget elementor-widget-text-editor\" data-id=\"3bb061d\" data-element_type=\"widget\" data-widget_type=\"text-editor.default\">\n\t\t\t\t<div class=\"elementor-widget-container\">\n\t\t\t\t\t\t\t\t\t<p>Notre \u00e9quipe comp\u00e9tente de moniteurs de ski de fond vous garantit des cours adapt\u00e9s \u00e0 vos besoins. Vous apprendrez, am\u00e9liorerez ou perfectionnerez votre technique en toute simplicit\u00e9, sans pour autant n\u00e9gliger le plaisir de pratiquer en groupe. <\/p>\t\t\t\t\t\t\t\t<\/div>\n\t\t\t\t<\/div>\n\t\t\t\t<\/div>\n\t\t\t\t<\/div>\n\t\t<div class=\"elementor-element elementor-element-e8c84a3 e-con-full e-flex e-con e-child\" data-id=\"e8c84a3\" data-element_type=\"container\" data-settings=\"{&quot;background_background&quot;:&quot;classic&quot;}\">\n\t\t\t\t<\/div>\n\t\t\t\t<\/div>\n\t\t<div class=\"elementor-element elementor-element-3f382df e-flex e-con-boxed e-con e-parent\" data-id=\"3f382df\" data-element_type=\"container\" data-settings=\"{&quot;background_background&quot;:&quot;classic&quot;}\">\n\t\t\t\t\t<div class=\"e-con-inner\">\n\t\t<div class=\"elementor-element elementor-element-6212ac6 e-con-full e-flex e-con e-child\" data-id=\"6212ac6\" data-element_type=\"container\">\n\t\t\t\t<div class=\"elementor-element elementor-element-cf9f712 elementor-widget elementor-widget-image\" data-id=\"cf9f712\" data-element_type=\"widget\" data-widget_type=\"image.default\">\n\t\t\t\t<div class=\"elementor-widget-container\">\n\t\t\t\t\t\t\t\t\t\t\t\t\t\t\t<img decoding=\"async\" src=\"https:\/\/www.hallenbarter-nordic.ch\/wp-content\/uploads\/elementor\/thumbs\/hallenbarter-sport-shop-langlaufschule-kurse-schnupperlektion2-rcuhvbc1hzow2ec0wii0mqq7ocz2mtgsdeauf371qc.jpg\" title=\"hallenbarter-sport-shop-langlaufschule-kurse-schnupperlektion2\" alt=\"hallenbarter-sport-shop-langlaufschule-kurse-schnupperlektion2\" loading=\"lazy\" \/>\t\t\t\t\t\t\t\t\t\t\t\t\t\t\t<\/div>\n\t\t\t\t<\/div>\n\t\t\t\t<\/div>\n\t\t<div class=\"elementor-element elementor-element-ff02a3a e-con-full e-flex e-con e-child\" data-id=\"ff02a3a\" data-element_type=\"container\">\n\t\t\t\t<div class=\"elementor-element elementor-element-51d119c elementor-widget__width-initial elementor-widget elementor-widget-heading\" data-id=\"51d119c\" data-element_type=\"widget\" data-widget_type=\"heading.default\">\n\t\t\t\t<div class=\"elementor-widget-container\">\n\t\t\t\t\t<h2 class=\"elementor-heading-title elementor-size-default\">Description du cours<\/h2>\t\t\t\t<\/div>\n\t\t\t\t<\/div>\n\t\t<div class=\"elementor-element elementor-element-21bd90a e-con-full e-flex e-con e-child\" data-id=\"21bd90a\" data-element_type=\"container\">\n\t\t<div class=\"elementor-element elementor-element-cc88d80 e-con-full e-flex e-con e-child\" data-id=\"cc88d80\" data-element_type=\"container\">\n\t\t<div class=\"elementor-element elementor-element-11d9333 e-con-full e-flex e-con e-child\" data-id=\"11d9333\" data-element_type=\"container\">\n\t\t\t\t<div class=\"elementor-element elementor-element-9427379 elementor-widget elementor-widget-text-editor\" data-id=\"9427379\" data-element_type=\"widget\" data-widget_type=\"text-editor.default\">\n\t\t\t\t<div class=\"elementor-widget-container\">\n\t\t\t\t\t\t\t\t\t<p>Dur\u00e9e<\/p>\t\t\t\t\t\t\t\t<\/div>\n\t\t\t\t<\/div>\n\t\t\t\t<\/div>\n\t\t<div class=\"elementor-element elementor-element-54edfea e-con-full e-flex e-con e-child\" data-id=\"54edfea\" data-element_type=\"container\">\n\t\t\t\t<div class=\"elementor-element elementor-element-0812ae9 elementor-widget elementor-widget-text-editor\" data-id=\"0812ae9\" data-element_type=\"widget\" data-widget_type=\"text-editor.default\">\n\t\t\t\t<div class=\"elementor-widget-container\">\n\t\t\t\t\t\t\t\t\t<p>3 cours doubles (3 x 110 min)<\/p>\t\t\t\t\t\t\t\t<\/div>\n\t\t\t\t<\/div>\n\t\t\t\t<\/div>\n\t\t\t\t<\/div>\n\t\t<div class=\"elementor-element elementor-element-c3f1efe e-con-full e-flex e-con e-child\" data-id=\"c3f1efe\" data-element_type=\"container\">\n\t\t<div class=\"elementor-element elementor-element-2363b33 e-con-full e-flex e-con e-child\" data-id=\"2363b33\" data-element_type=\"container\">\n\t\t\t\t<div class=\"elementor-element elementor-element-63da180 elementor-widget elementor-widget-text-editor\" data-id=\"63da180\" data-element_type=\"widget\" data-widget_type=\"text-editor.default\">\n\t\t\t\t<div class=\"elementor-widget-container\">\n\t\t\t\t\t\t\t\t\t<p>Co\u00fbts<\/p>\t\t\t\t\t\t\t\t<\/div>\n\t\t\t\t<\/div>\n\t\t\t\t<\/div>\n\t\t<div class=\"elementor-element elementor-element-ad410cb e-con-full e-flex e-con e-child\" data-id=\"ad410cb\" data-element_type=\"container\">\n\t\t\t\t<div class=\"elementor-element elementor-element-b58c84d elementor-widget elementor-widget-text-editor\" data-id=\"b58c84d\" data-element_type=\"widget\" data-widget_type=\"text-editor.default\">\n\t\t\t\t<div class=\"elementor-widget-container\">\n\t\t\t\t\t\t\t\t\t<p>160 CHF par personne \/ cours<\/p>\t\t\t\t\t\t\t\t<\/div>\n\t\t\t\t<\/div>\n\t\t\t\t<\/div>\n\t\t\t\t<\/div>\n\t\t<div class=\"elementor-element elementor-element-e748ea8 e-con-full e-flex e-con e-child\" data-id=\"e748ea8\" data-element_type=\"container\">\n\t\t<div class=\"elementor-element elementor-element-eec5da9 e-con-full e-flex e-con e-child\" data-id=\"eec5da9\" data-element_type=\"container\">\n\t\t\t\t<div class=\"elementor-element elementor-element-05de360 elementor-widget elementor-widget-text-editor\" data-id=\"05de360\" data-element_type=\"widget\" data-widget_type=\"text-editor.default\">\n\t\t\t\t<div class=\"elementor-widget-container\">\n\t\t\t\t\t\t\t\t\t<p>Nombre de participants<\/p>\t\t\t\t\t\t\t\t<\/div>\n\t\t\t\t<\/div>\n\t\t\t\t<\/div>\n\t\t<div class=\"elementor-element elementor-element-3c62a9b e-con-full e-flex e-con e-child\" data-id=\"3c62a9b\" data-element_type=\"container\">\n\t\t\t\t<div class=\"elementor-element elementor-element-dec31d5 elementor-widget elementor-widget-text-editor\" data-id=\"dec31d5\" data-element_type=\"widget\" data-widget_type=\"text-editor.default\">\n\t\t\t\t<div class=\"elementor-widget-container\">\n\t\t\t\t\t\t\t\t\t<p>\u00e0 partir de 3 personnes<\/p>\t\t\t\t\t\t\t\t<\/div>\n\t\t\t\t<\/div>\n\t\t\t\t<\/div>\n\t\t\t\t<\/div>\n\t\t<div class=\"elementor-element elementor-element-a56c42c e-con-full e-flex e-con e-child\" data-id=\"a56c42c\" data-element_type=\"container\">\n\t\t<div class=\"elementor-element elementor-element-c7a73dd e-con-full e-flex e-con e-child\" data-id=\"c7a73dd\" data-element_type=\"container\">\n\t\t\t\t<div class=\"elementor-element elementor-element-d74aed7 elementor-widget elementor-widget-text-editor\" data-id=\"d74aed7\" data-element_type=\"widget\" data-widget_type=\"text-editor.default\">\n\t\t\t\t<div class=\"elementor-widget-container\">\n\t\t\t\t\t\t\t\t\t<p>Technique<\/p>\t\t\t\t\t\t\t\t<\/div>\n\t\t\t\t<\/div>\n\t\t\t\t<\/div>\n\t\t<div class=\"elementor-element elementor-element-b3173b9 e-con-full e-flex e-con e-child\" data-id=\"b3173b9\" data-element_type=\"container\">\n\t\t\t\t<div class=\"elementor-element elementor-element-55e1e8e elementor-widget elementor-widget-text-editor\" data-id=\"55e1e8e\" data-element_type=\"widget\" data-widget_type=\"text-editor.default\">\n\t\t\t\t<div class=\"elementor-widget-container\">\n\t\t\t\t\t\t\t\t\t<p>Classique ou skating<\/p>\t\t\t\t\t\t\t\t<\/div>\n\t\t\t\t<\/div>\n\t\t\t\t<\/div>\n\t\t\t\t<\/div>\n\t\t<div class=\"elementor-element elementor-element-6fb9519 e-con-full e-flex e-con e-child\" data-id=\"6fb9519\" data-element_type=\"container\">\n\t\t<div class=\"elementor-element elementor-element-1b7b68e e-con-full e-flex e-con e-child\" data-id=\"1b7b68e\" data-element_type=\"container\">\n\t\t\t\t<div class=\"elementor-element elementor-element-443dd6d elementor-widget elementor-widget-text-editor\" data-id=\"443dd6d\" data-element_type=\"widget\" data-widget_type=\"text-editor.default\">\n\t\t\t\t<div class=\"elementor-widget-container\">\n\t\t\t\t\t\t\t\t\t<p>Mat\u00e9riel de location<\/p>\t\t\t\t\t\t\t\t<\/div>\n\t\t\t\t<\/div>\n\t\t\t\t<\/div>\n\t\t<div class=\"elementor-element elementor-element-8d92b61 e-con-full e-flex e-con e-child\" data-id=\"8d92b61\" data-element_type=\"container\">\n\t\t\t\t<div class=\"elementor-element elementor-element-0dfb6e7 elementor-widget elementor-widget-text-editor\" data-id=\"0dfb6e7\" data-element_type=\"widget\" data-widget_type=\"text-editor.default\">\n\t\t\t\t<div class=\"elementor-widget-container\">\n\t\t\t\t\t\t\t\t\t<p>A venir chercher au moins 30 minutes avant le d\u00e9but du cours <\/p>\t\t\t\t\t\t\t\t<\/div>\n\t\t\t\t<\/div>\n\t\t\t\t<\/div>\n\t\t\t\t<\/div>\n\t\t\t\t<\/div>\n\t\t\t\t<\/div>\n\t\t\t\t\t<\/div>\n\t\t\t\t<\/div>\n\t\t<div class=\"elementor-element elementor-element-bddf3a9 e-flex e-con-boxed e-con e-parent\" data-id=\"bddf3a9\" data-element_type=\"container\" data-settings=\"{&quot;background_background&quot;:&quot;classic&quot;,&quot;background_motion_fx_motion_fx_scrolling&quot;:&quot;yes&quot;,&quot;background_motion_fx_translateY_effect&quot;:&quot;yes&quot;,&quot;background_motion_fx_translateY_speed&quot;:{&quot;unit&quot;:&quot;px&quot;,&quot;size&quot;:2,&quot;sizes&quot;:[]},&quot;background_motion_fx_translateY_affectedRange&quot;:{&quot;unit&quot;:&quot;%&quot;,&quot;size&quot;:&quot;&quot;,&quot;sizes&quot;:{&quot;start&quot;:0,&quot;end&quot;:100}},&quot;background_motion_fx_devices&quot;:[&quot;desktop&quot;,&quot;laptop&quot;,&quot;tablet_extra&quot;,&quot;tablet&quot;,&quot;mobile_extra&quot;,&quot;mobile&quot;]}\">\n\t\t\t\t\t<div class=\"e-con-inner\">\n\t\t\t\t<div class=\"elementor-element elementor-element-0b3dc29 elementor-widget__width-initial elementor-widget elementor-widget-text-editor\" data-id=\"0b3dc29\" data-element_type=\"widget\" data-widget_type=\"text-editor.default\">\n\t\t\t\t<div class=\"elementor-widget-container\">\n\t\t\t\t\t\t\t\t\t<p>Un enseignement avec de la personnalit\u00e9<\/p>\t\t\t\t\t\t\t\t<\/div>\n\t\t\t\t<\/div>\n\t\t\t\t<div class=\"elementor-element elementor-element-97364b1 elementor-widget__width-initial elementor-widget elementor-widget-text-editor\" data-id=\"97364b1\" data-element_type=\"widget\" data-widget_type=\"text-editor.default\">\n\t\t\t\t<div class=\"elementor-widget-container\">\n\t\t\t\t\t\t\t\t\t<p>Nos enseignants ont beaucoup d&rsquo;exp\u00e9rience, de patience et d&rsquo;enthousiasme. Chaque le\u00e7on est adapt\u00e9e individuellement au niveau du groupe. Nous nous ferons un plaisir de vous conseiller par t\u00e9l\u00e9phone ou par e-mail.  <\/p>\t\t\t\t\t\t\t\t<\/div>\n\t\t\t\t<\/div>\n\t\t<div class=\"elementor-element elementor-element-97e5cdc e-con-full e-flex e-con e-child\" data-id=\"97e5cdc\" data-element_type=\"container\">\n\t\t\t\t<div class=\"elementor-element elementor-element-50ecb05 elementor-widget__width-auto mybtn elementor-widget elementor-widget-button\" data-id=\"50ecb05\" data-element_type=\"widget\" data-widget_type=\"button.default\">\n\t\t\t\t<div class=\"elementor-widget-container\">\n\t\t\t\t\t\t\t\t\t<div class=\"elementor-button-wrapper\">\n\t\t\t\t\t<a class=\"elementor-button elementor-button-link elementor-size-sm\" href=\"https:\/\/www.hallenbarter-nordic.ch\/fr\/equipe\/\">\n\t\t\t\t\t\t<span class=\"elementor-button-content-wrapper\">\n\t\t\t\t\t\t\t\t\t<span class=\"elementor-button-text\">Conna\u00eetre notre \u00e9quipe<\/span>\n\t\t\t\t\t<\/span>\n\t\t\t\t\t<\/a>\n\t\t\t\t<\/div>\n\t\t\t\t\t\t\t\t<\/div>\n\t\t\t\t<\/div>\n\t\t\t\t<div class=\"elementor-element elementor-element-fd09993 elementor-widget__width-auto mybtn elementor-widget elementor-widget-button\" data-id=\"fd09993\" data-element_type=\"widget\" data-widget_type=\"button.default\">\n\t\t\t\t<div class=\"elementor-widget-container\">\n\t\t\t\t\t\t\t\t\t<div class=\"elementor-button-wrapper\">\n\t\t\t\t\t<a class=\"elementor-button elementor-button-link elementor-size-sm\" href=\"https:\/\/www.hallenbarter-nordic.ch\/fr\/faq\/\">\n\t\t\t\t\t\t<span class=\"elementor-button-content-wrapper\">\n\t\t\t\t\t\t\t\t\t<span class=\"elementor-button-text\">Questions fr\u00e9quentes<\/span>\n\t\t\t\t\t<\/span>\n\t\t\t\t\t<\/a>\n\t\t\t\t<\/div>\n\t\t\t\t\t\t\t\t<\/div>\n\t\t\t\t<\/div>\n\t\t\t\t<\/div>\n\t\t\t\t\t<\/div>\n\t\t\t\t<\/div>\n\t\t\t\t<\/div>\n\t\t","protected":false},"excerpt":{"rendered":"<p>Cours de 3 jours OPTIMISATION TECHNIQUE POUR TOUS LES NIVEAUX Notre \u00e9quipe comp\u00e9tente de moniteurs de ski de fond vous garantit des cours adapt\u00e9s \u00e0 vos besoins. Vous apprendrez, am\u00e9liorerez ou perfectionnerez votre technique en toute simplicit\u00e9, sans pour autant n\u00e9gliger le plaisir de pratiquer en groupe. Description du cours Dur\u00e9e 3 cours doubles (3 [&hellip;]<\/p>\n","protected":false},"author":3,"featured_media":0,"parent":2697,"menu_order":0,"comment_status":"closed","ping_status":"closed","template":"","meta":{"_acf_changed":false,"inline_featured_image":false,"footnotes":""},"class_list":["post-3509","page","type-page","status-publish","hentry"],"acf":[],"_links":{"self":[{"href":"https:\/\/www.hallenbarter-nordic.ch\/fr\/wp-json\/wp\/v2\/pages\/3509","targetHints":{"allow":["GET"]}}],"collection":[{"href":"https:\/\/www.hallenbarter-nordic.ch\/fr\/wp-json\/wp\/v2\/pages"}],"about":[{"href":"https:\/\/www.hallenbarter-nordic.ch\/fr\/wp-json\/wp\/v2\/types\/page"}],"author":[{"embeddable":true,"href":"https:\/\/www.hallenbarter-nordic.ch\/fr\/wp-json\/wp\/v2\/users\/3"}],"replies":[{"embeddable":true,"href":"https:\/\/www.hallenbarter-nordic.ch\/fr\/wp-json\/wp\/v2\/comments?post=3509"}],"version-history":[{"count":1,"href":"https:\/\/www.hallenbarter-nordic.ch\/fr\/wp-json\/wp\/v2\/pages\/3509\/revisions"}],"predecessor-version":[{"id":3510,"href":"https:\/\/www.hallenbarter-nordic.ch\/fr\/wp-json\/wp\/v2\/pages\/3509\/revisions\/3510"}],"up":[{"embeddable":true,"href":"https:\/\/www.hallenbarter-nordic.ch\/fr\/wp-json\/wp\/v2\/pages\/2697"}],"wp:attachment":[{"href":"https:\/\/www.hallenbarter-nordic.ch\/fr\/wp-json\/wp\/v2\/media?parent=3509"}],"curies":[{"name":"wp","href":"https:\/\/api.w.org\/{rel}","templated":true}]}}