{"id":3507,"date":"2026-03-26T16:58:24","date_gmt":"2026-03-26T15:58:24","guid":{"rendered":"https:\/\/www.hallenbarter-nordic.ch\/cours-de-deux-jours\/"},"modified":"2026-03-31T09:16:31","modified_gmt":"2026-03-31T07:16:31","slug":"cours-de-deux-jours","status":"publish","type":"page","link":"https:\/\/www.hallenbarter-nordic.ch\/fr\/ecole-de-ski-de-fond\/cours-de-deux-jours\/","title":{"rendered":"Cours de deux jours"},"content":{"rendered":"\t\t<div data-elementor-type=\"wp-page\" data-elementor-id=\"3507\" class=\"elementor elementor-3507 elementor-3492\" data-elementor-post-type=\"page\">\n\t\t\t\t<div class=\"elementor-element elementor-element-f9e38ab e-con-full animated-slow e-flex elementor-invisible e-con e-parent\" data-id=\"f9e38ab\" data-element_type=\"container\" data-settings=\"{&quot;animation&quot;:&quot;fadeIn&quot;}\">\n\t\t\t\t<div class=\"elementor-element elementor-element-5375685 elementor-absolute elementor-widget__width-auto elementor-widget elementor-widget-text-path\" data-id=\"5375685\" data-element_type=\"widget\" data-settings=\"{&quot;text&quot;:&quot;Ski de fond -- Passion -- Mode de vie --&quot;,&quot;_position&quot;:&quot;absolute&quot;,&quot;align&quot;:&quot;left&quot;,&quot;motion_fx_motion_fx_scrolling&quot;:&quot;yes&quot;,&quot;motion_fx_rotateZ_effect&quot;:&quot;yes&quot;,&quot;link&quot;:{&quot;url&quot;:&quot;&quot;,&quot;is_external&quot;:&quot;&quot;,&quot;nofollow&quot;:&quot;&quot;,&quot;custom_attributes&quot;:&quot;&quot;},&quot;start_point&quot;:{&quot;unit&quot;:&quot;%&quot;,&quot;size&quot;:0,&quot;sizes&quot;:[]},&quot;motion_fx_rotateZ_speed&quot;:{&quot;unit&quot;:&quot;px&quot;,&quot;size&quot;:1,&quot;sizes&quot;:[]},&quot;motion_fx_rotateZ_affectedRange&quot;:{&quot;unit&quot;:&quot;%&quot;,&quot;size&quot;:&quot;&quot;,&quot;sizes&quot;:{&quot;start&quot;:0,&quot;end&quot;:100}},&quot;motion_fx_devices&quot;:[&quot;desktop&quot;,&quot;laptop&quot;,&quot;tablet_extra&quot;,&quot;tablet&quot;,&quot;mobile_extra&quot;,&quot;mobile&quot;]}\" data-widget_type=\"text-path.default\">\n\t\t\t\t<div class=\"elementor-widget-container\">\n\t\t\t\t\t\t\t<div class=\"e-text-path\" data-text=\"Ski de fond -- Passion -- Mode de vie --\" data-url=\"\/\/www.hallenbarter-nordic.ch\/wp-content\/plugins\/elementor\/assets\/svg-paths\/circle.svg\" data-link-url=\"\"><\/div>\n\t\t\t\t\t\t<\/div>\n\t\t\t\t<\/div>\n\t\t<div class=\"elementor-element elementor-element-502795c e-con-full e-flex e-con e-child\" data-id=\"502795c\" data-element_type=\"container\">\n\t\t<div class=\"elementor-element elementor-element-e4e273a e-con-full e-flex e-con e-child\" data-id=\"e4e273a\" data-element_type=\"container\">\n\t\t\t\t<div class=\"elementor-element elementor-element-3b297c8 elementor-widget elementor-widget-heading\" data-id=\"3b297c8\" data-element_type=\"widget\" data-widget_type=\"heading.default\">\n\t\t\t\t<div class=\"elementor-widget-container\">\n\t\t\t\t\t<h1 class=\"elementor-heading-title elementor-size-default\">Cours de deux jours<\/h1>\t\t\t\t<\/div>\n\t\t\t\t<\/div>\n\t\t\t\t<div class=\"elementor-element elementor-element-9ca7e26 elementor-widget__width-initial elementor-widget elementor-widget-heading\" data-id=\"9ca7e26\" data-element_type=\"widget\" data-widget_type=\"heading.default\">\n\t\t\t\t<div class=\"elementor-widget-container\">\n\t\t\t\t\t<h2 class=\"elementor-heading-title elementor-size-default\">OPTIMISATION TECHNIQUE POUR TOUS LES NIVEAUX<\/h2>\t\t\t\t<\/div>\n\t\t\t\t<\/div>\n\t\t\t\t<div class=\"elementor-element elementor-element-00eafc4 elementor-widget__width-initial elementor-widget elementor-widget-text-editor\" data-id=\"00eafc4\" data-element_type=\"widget\" data-widget_type=\"text-editor.default\">\n\t\t\t\t<div class=\"elementor-widget-container\">\n\t\t\t\t\t\t\t\t\t<p>Notre \u00e9quipe comp\u00e9tente de moniteurs de ski de fond vous garantit des cours adapt\u00e9s \u00e0 vos besoins. Pendant deux jours cons\u00e9cutifs, vous apprendrez ou perfectionnerez votre technique. <\/p>\t\t\t\t\t\t\t\t<\/div>\n\t\t\t\t<\/div>\n\t\t\t\t<\/div>\n\t\t\t\t<\/div>\n\t\t<div class=\"elementor-element elementor-element-d78364b e-con-full e-flex e-con e-child\" data-id=\"d78364b\" data-element_type=\"container\" data-settings=\"{&quot;background_background&quot;:&quot;classic&quot;}\">\n\t\t\t\t<\/div>\n\t\t\t\t<\/div>\n\t\t<div class=\"elementor-element elementor-element-9eff6f4 e-flex e-con-boxed e-con e-parent\" data-id=\"9eff6f4\" data-element_type=\"container\" data-settings=\"{&quot;background_background&quot;:&quot;classic&quot;}\">\n\t\t\t\t\t<div class=\"e-con-inner\">\n\t\t<div class=\"elementor-element elementor-element-3b80fba e-con-full e-flex e-con e-child\" data-id=\"3b80fba\" data-element_type=\"container\">\n\t\t\t\t<div class=\"elementor-element elementor-element-ec515f6 elementor-widget elementor-widget-image\" data-id=\"ec515f6\" data-element_type=\"widget\" data-widget_type=\"image.default\">\n\t\t\t\t<div class=\"elementor-widget-container\">\n\t\t\t\t\t\t\t\t\t\t\t\t\t\t\t<img decoding=\"async\" src=\"https:\/\/www.hallenbarter-nordic.ch\/wp-content\/uploads\/elementor\/thumbs\/hallenbarter-sport-shop-langlaufschule-kurse-schnupperlektion2-rcuhvbc1hzow2ec0wii0mqq7ocz2mtgsdeauf371qc.jpg\" title=\"hallenbarter-sport-shop-langlaufschule-kurse-schnupperlektion2\" alt=\"hallenbarter-sport-shop-langlaufschule-kurse-schnupperlektion2\" loading=\"lazy\" \/>\t\t\t\t\t\t\t\t\t\t\t\t\t\t\t<\/div>\n\t\t\t\t<\/div>\n\t\t\t\t<\/div>\n\t\t<div class=\"elementor-element elementor-element-81115a9 e-con-full e-flex e-con e-child\" data-id=\"81115a9\" data-element_type=\"container\">\n\t\t\t\t<div class=\"elementor-element elementor-element-975809f elementor-widget__width-initial elementor-widget elementor-widget-heading\" data-id=\"975809f\" data-element_type=\"widget\" data-widget_type=\"heading.default\">\n\t\t\t\t<div class=\"elementor-widget-container\">\n\t\t\t\t\t<h2 class=\"elementor-heading-title elementor-size-default\">Description du cours<\/h2>\t\t\t\t<\/div>\n\t\t\t\t<\/div>\n\t\t<div class=\"elementor-element elementor-element-1e39fbe e-con-full e-flex e-con e-child\" data-id=\"1e39fbe\" data-element_type=\"container\">\n\t\t<div class=\"elementor-element elementor-element-3be1f75 e-con-full e-flex e-con e-child\" data-id=\"3be1f75\" data-element_type=\"container\">\n\t\t<div class=\"elementor-element elementor-element-5adf127 e-con-full e-flex e-con e-child\" data-id=\"5adf127\" data-element_type=\"container\">\n\t\t\t\t<div class=\"elementor-element elementor-element-8bd9e91 elementor-widget elementor-widget-text-editor\" data-id=\"8bd9e91\" data-element_type=\"widget\" data-widget_type=\"text-editor.default\">\n\t\t\t\t<div class=\"elementor-widget-container\">\n\t\t\t\t\t\t\t\t\t<p>Dur\u00e9e<\/p>\t\t\t\t\t\t\t\t<\/div>\n\t\t\t\t<\/div>\n\t\t\t\t<\/div>\n\t\t<div class=\"elementor-element elementor-element-f7c7b0b e-con-full e-flex e-con e-child\" data-id=\"f7c7b0b\" data-element_type=\"container\">\n\t\t\t\t<div class=\"elementor-element elementor-element-ce274ba elementor-widget elementor-widget-text-editor\" data-id=\"ce274ba\" data-element_type=\"widget\" data-widget_type=\"text-editor.default\">\n\t\t\t\t<div class=\"elementor-widget-container\">\n\t\t\t\t\t\t\t\t\t<p>2 cours d&rsquo;une heure et demie (180 min)<\/p>\t\t\t\t\t\t\t\t<\/div>\n\t\t\t\t<\/div>\n\t\t\t\t<\/div>\n\t\t\t\t<\/div>\n\t\t<div class=\"elementor-element elementor-element-d7fafc2 e-con-full e-flex e-con e-child\" data-id=\"d7fafc2\" data-element_type=\"container\">\n\t\t<div class=\"elementor-element elementor-element-2b8cd55 e-con-full e-flex e-con e-child\" data-id=\"2b8cd55\" data-element_type=\"container\">\n\t\t\t\t<div class=\"elementor-element elementor-element-5233a60 elementor-widget elementor-widget-text-editor\" data-id=\"5233a60\" data-element_type=\"widget\" data-widget_type=\"text-editor.default\">\n\t\t\t\t<div class=\"elementor-widget-container\">\n\t\t\t\t\t\t\t\t\t<p>Co\u00fbts<\/p>\t\t\t\t\t\t\t\t<\/div>\n\t\t\t\t<\/div>\n\t\t\t\t<\/div>\n\t\t<div class=\"elementor-element elementor-element-90f35f5 e-con-full e-flex e-con e-child\" data-id=\"90f35f5\" data-element_type=\"container\">\n\t\t\t\t<div class=\"elementor-element elementor-element-90b7739 elementor-widget elementor-widget-text-editor\" data-id=\"90b7739\" data-element_type=\"widget\" data-widget_type=\"text-editor.default\">\n\t\t\t\t<div class=\"elementor-widget-container\">\n\t\t\t\t\t\t\t\t\t1 personne : 260 CHF<br>2 personnes : 305 CHF<br>3 personnes : 350 CHF<br>4 personnes : 395 CHF\t\t\t\t\t\t\t\t<\/div>\n\t\t\t\t<\/div>\n\t\t\t\t<\/div>\n\t\t\t\t<\/div>\n\t\t<div class=\"elementor-element elementor-element-4e5f092 e-con-full e-flex e-con e-child\" data-id=\"4e5f092\" data-element_type=\"container\">\n\t\t<div class=\"elementor-element elementor-element-685b6ed e-con-full e-flex e-con e-child\" data-id=\"685b6ed\" data-element_type=\"container\">\n\t\t\t\t<div class=\"elementor-element elementor-element-0459f3e elementor-widget elementor-widget-text-editor\" data-id=\"0459f3e\" data-element_type=\"widget\" data-widget_type=\"text-editor.default\">\n\t\t\t\t<div class=\"elementor-widget-container\">\n\t\t\t\t\t\t\t\t\t<p>Technique<\/p>\t\t\t\t\t\t\t\t<\/div>\n\t\t\t\t<\/div>\n\t\t\t\t<\/div>\n\t\t<div class=\"elementor-element elementor-element-e6ddae9 e-con-full e-flex e-con e-child\" data-id=\"e6ddae9\" data-element_type=\"container\">\n\t\t\t\t<div class=\"elementor-element elementor-element-fdc279c elementor-widget elementor-widget-text-editor\" data-id=\"fdc279c\" data-element_type=\"widget\" data-widget_type=\"text-editor.default\">\n\t\t\t\t<div class=\"elementor-widget-container\">\n\t\t\t\t\t\t\t\t\t<p>Classique ou skating<\/p>\t\t\t\t\t\t\t\t<\/div>\n\t\t\t\t<\/div>\n\t\t\t\t<\/div>\n\t\t\t\t<\/div>\n\t\t<div class=\"elementor-element elementor-element-bc12fc3 e-con-full e-flex e-con e-child\" data-id=\"bc12fc3\" data-element_type=\"container\">\n\t\t<div class=\"elementor-element elementor-element-7af9b74 e-con-full e-flex e-con e-child\" data-id=\"7af9b74\" data-element_type=\"container\">\n\t\t\t\t<div class=\"elementor-element elementor-element-26fd091 elementor-widget elementor-widget-text-editor\" data-id=\"26fd091\" data-element_type=\"widget\" data-widget_type=\"text-editor.default\">\n\t\t\t\t<div class=\"elementor-widget-container\">\n\t\t\t\t\t\t\t\t\t<p>Mat\u00e9riel de location<\/p>\t\t\t\t\t\t\t\t<\/div>\n\t\t\t\t<\/div>\n\t\t\t\t<\/div>\n\t\t<div class=\"elementor-element elementor-element-a55ea7e e-con-full e-flex e-con e-child\" data-id=\"a55ea7e\" data-element_type=\"container\">\n\t\t\t\t<div class=\"elementor-element elementor-element-ca3f358 elementor-widget elementor-widget-text-editor\" data-id=\"ca3f358\" data-element_type=\"widget\" data-widget_type=\"text-editor.default\">\n\t\t\t\t<div class=\"elementor-widget-container\">\n\t\t\t\t\t\t\t\t\t<p>A venir chercher au moins 30 minutes avant le d\u00e9but du cours <\/p>\t\t\t\t\t\t\t\t<\/div>\n\t\t\t\t<\/div>\n\t\t\t\t<\/div>\n\t\t\t\t<\/div>\n\t\t\t\t<\/div>\n\t\t\t\t<\/div>\n\t\t\t\t\t<\/div>\n\t\t\t\t<\/div>\n\t\t<div class=\"elementor-element elementor-element-8f9c39d e-flex e-con-boxed e-con e-parent\" data-id=\"8f9c39d\" data-element_type=\"container\" data-settings=\"{&quot;background_background&quot;:&quot;classic&quot;,&quot;background_motion_fx_motion_fx_scrolling&quot;:&quot;yes&quot;,&quot;background_motion_fx_translateY_effect&quot;:&quot;yes&quot;,&quot;background_motion_fx_translateY_speed&quot;:{&quot;unit&quot;:&quot;px&quot;,&quot;size&quot;:2,&quot;sizes&quot;:[]},&quot;background_motion_fx_translateY_affectedRange&quot;:{&quot;unit&quot;:&quot;%&quot;,&quot;size&quot;:&quot;&quot;,&quot;sizes&quot;:{&quot;start&quot;:0,&quot;end&quot;:100}},&quot;background_motion_fx_devices&quot;:[&quot;desktop&quot;,&quot;laptop&quot;,&quot;tablet_extra&quot;,&quot;tablet&quot;,&quot;mobile_extra&quot;,&quot;mobile&quot;]}\">\n\t\t\t\t\t<div class=\"e-con-inner\">\n\t\t\t\t<div class=\"elementor-element elementor-element-37d81db elementor-widget__width-initial elementor-widget elementor-widget-text-editor\" data-id=\"37d81db\" data-element_type=\"widget\" data-widget_type=\"text-editor.default\">\n\t\t\t\t<div class=\"elementor-widget-container\">\n\t\t\t\t\t\t\t\t\t<p>Un enseignement avec de la personnalit\u00e9<\/p>\t\t\t\t\t\t\t\t<\/div>\n\t\t\t\t<\/div>\n\t\t\t\t<div class=\"elementor-element elementor-element-0e3e34d elementor-widget__width-initial elementor-widget elementor-widget-text-editor\" data-id=\"0e3e34d\" data-element_type=\"widget\" data-widget_type=\"text-editor.default\">\n\t\t\t\t<div class=\"elementor-widget-container\">\n\t\t\t\t\t\t\t\t\t<p>Nos enseignants ont beaucoup d&rsquo;exp\u00e9rience, de patience et d&rsquo;enthousiasme. Chaque le\u00e7on est adapt\u00e9e individuellement au niveau du groupe. Nous nous ferons un plaisir de vous conseiller par t\u00e9l\u00e9phone ou par e-mail.  <\/p>\t\t\t\t\t\t\t\t<\/div>\n\t\t\t\t<\/div>\n\t\t<div class=\"elementor-element elementor-element-7eab06a e-con-full e-flex e-con e-child\" data-id=\"7eab06a\" data-element_type=\"container\">\n\t\t\t\t<div class=\"elementor-element elementor-element-52b31e3 elementor-widget__width-auto mybtn elementor-widget elementor-widget-button\" data-id=\"52b31e3\" data-element_type=\"widget\" data-widget_type=\"button.default\">\n\t\t\t\t<div class=\"elementor-widget-container\">\n\t\t\t\t\t\t\t\t\t<div class=\"elementor-button-wrapper\">\n\t\t\t\t\t<a class=\"elementor-button elementor-button-link elementor-size-sm\" href=\"https:\/\/www.hallenbarter-nordic.ch\/fr\/equipe\/\">\n\t\t\t\t\t\t<span class=\"elementor-button-content-wrapper\">\n\t\t\t\t\t\t\t\t\t<span class=\"elementor-button-text\">Conna\u00eetre notre \u00e9quipe<\/span>\n\t\t\t\t\t<\/span>\n\t\t\t\t\t<\/a>\n\t\t\t\t<\/div>\n\t\t\t\t\t\t\t\t<\/div>\n\t\t\t\t<\/div>\n\t\t\t\t<div class=\"elementor-element elementor-element-8ac7298 elementor-widget__width-auto mybtn elementor-widget elementor-widget-button\" data-id=\"8ac7298\" data-element_type=\"widget\" data-widget_type=\"button.default\">\n\t\t\t\t<div class=\"elementor-widget-container\">\n\t\t\t\t\t\t\t\t\t<div class=\"elementor-button-wrapper\">\n\t\t\t\t\t<a class=\"elementor-button elementor-button-link elementor-size-sm\" href=\"https:\/\/www.hallenbarter-nordic.ch\/fr\/faq\/\">\n\t\t\t\t\t\t<span class=\"elementor-button-content-wrapper\">\n\t\t\t\t\t\t\t\t\t<span class=\"elementor-button-text\">Questions fr\u00e9quentes<\/span>\n\t\t\t\t\t<\/span>\n\t\t\t\t\t<\/a>\n\t\t\t\t<\/div>\n\t\t\t\t\t\t\t\t<\/div>\n\t\t\t\t<\/div>\n\t\t\t\t<\/div>\n\t\t\t\t\t<\/div>\n\t\t\t\t<\/div>\n\t\t\t\t<\/div>\n\t\t","protected":false},"excerpt":{"rendered":"<p>Cours de deux jours OPTIMISATION TECHNIQUE POUR TOUS LES NIVEAUX Notre \u00e9quipe comp\u00e9tente de moniteurs de ski de fond vous garantit des cours adapt\u00e9s \u00e0 vos besoins. Pendant deux jours cons\u00e9cutifs, vous apprendrez ou perfectionnerez votre technique. Description du cours Dur\u00e9e 2 cours d&rsquo;une heure et demie (180 min) Co\u00fbts 1 personne : 260 CHF2 [&hellip;]<\/p>\n","protected":false},"author":3,"featured_media":0,"parent":2697,"menu_order":0,"comment_status":"closed","ping_status":"closed","template":"","meta":{"_acf_changed":false,"inline_featured_image":false,"footnotes":""},"class_list":["post-3507","page","type-page","status-publish","hentry"],"acf":[],"_links":{"self":[{"href":"https:\/\/www.hallenbarter-nordic.ch\/fr\/wp-json\/wp\/v2\/pages\/3507","targetHints":{"allow":["GET"]}}],"collection":[{"href":"https:\/\/www.hallenbarter-nordic.ch\/fr\/wp-json\/wp\/v2\/pages"}],"about":[{"href":"https:\/\/www.hallenbarter-nordic.ch\/fr\/wp-json\/wp\/v2\/types\/page"}],"author":[{"embeddable":true,"href":"https:\/\/www.hallenbarter-nordic.ch\/fr\/wp-json\/wp\/v2\/users\/3"}],"replies":[{"embeddable":true,"href":"https:\/\/www.hallenbarter-nordic.ch\/fr\/wp-json\/wp\/v2\/comments?post=3507"}],"version-history":[{"count":3,"href":"https:\/\/www.hallenbarter-nordic.ch\/fr\/wp-json\/wp\/v2\/pages\/3507\/revisions"}],"predecessor-version":[{"id":3533,"href":"https:\/\/www.hallenbarter-nordic.ch\/fr\/wp-json\/wp\/v2\/pages\/3507\/revisions\/3533"}],"up":[{"embeddable":true,"href":"https:\/\/www.hallenbarter-nordic.ch\/fr\/wp-json\/wp\/v2\/pages\/2697"}],"wp:attachment":[{"href":"https:\/\/www.hallenbarter-nordic.ch\/fr\/wp-json\/wp\/v2\/media?parent=3507"}],"curies":[{"name":"wp","href":"https:\/\/api.w.org\/{rel}","templated":true}]}}