{"id":3144,"date":"2025-11-19T08:02:57","date_gmt":"2025-11-19T07:02:57","guid":{"rendered":"https:\/\/www.hallenbarter-nordic.ch\/webcam-goms\/"},"modified":"2025-11-20T13:56:06","modified_gmt":"2025-11-20T12:56:06","slug":"webcam-goms","status":"publish","type":"page","link":"https:\/\/www.hallenbarter-nordic.ch\/fr\/webcam-goms\/","title":{"rendered":"Webcam Goms"},"content":{"rendered":"\t\t<div data-elementor-type=\"wp-page\" data-elementor-id=\"3144\" class=\"elementor elementor-3144 elementor-3125\" data-elementor-post-type=\"page\">\n\t\t\t\t<div class=\"elementor-element elementor-element-264728a e-flex e-con-boxed e-con e-parent\" data-id=\"264728a\" data-element_type=\"container\">\n\t\t\t\t\t<div class=\"e-con-inner\">\n\t\t\t\t<div class=\"elementor-element elementor-element-bc35abc elementor-widget elementor-widget-heading\" data-id=\"bc35abc\" data-element_type=\"widget\" data-widget_type=\"heading.default\">\n\t\t\t\t<div class=\"elementor-widget-container\">\n\t\t\t\t\t<h3 class=\"elementor-heading-title elementor-size-default\">Boutique de sport Hallenbarter en direct<\/h3>\t\t\t\t<\/div>\n\t\t\t\t<\/div>\n\t\t\t\t<div class=\"elementor-element elementor-element-74521d8 elementor-widget__width-initial elementor-widget elementor-widget-heading\" data-id=\"74521d8\" data-element_type=\"widget\" data-widget_type=\"heading.default\">\n\t\t\t\t<div class=\"elementor-widget-container\">\n\t\t\t\t\t<h1 class=\"elementor-heading-title elementor-size-default\">Webcam ski de fond Goms<\/h1>\t\t\t\t<\/div>\n\t\t\t\t<\/div>\n\t\t\t\t<div class=\"elementor-element elementor-element-f542ac7 elementor-widget__width-initial elementor-widget elementor-widget-text-editor\" data-id=\"f542ac7\" data-element_type=\"widget\" data-widget_type=\"text-editor.default\">\n\t\t\t\t<div class=\"elementor-widget-container\">\n\t\t\t\t\t\t\t\t\t<p><strong>\u00c9tat actuel des pistes de ski de fond \u00e0 Gluringen<\/strong><\/p><p>Suivez en direct les descentes de ski de fond \u00e0 Goms : notre webcam vous offre des images mises \u00e0 jour en temps r\u00e9el depuis l\u2019entr\u00e9e des pistes du domaine nordique de Hallenbarter \u00e0 Gluringen. Que vous pr\u00e9pariez votre journ\u00e9e de ski de fond, souhaitiez v\u00e9rifier l\u2019\u00e9tat de la neige ou simplement admirer les paysages hivernaux de montagne, vous pouvez y \u00eatre en direct. <\/p>\t\t\t\t\t\t\t\t<\/div>\n\t\t\t\t<\/div>\n\t\t\t\t<div class=\"elementor-element elementor-element-e1ce6e5 elementor-widget elementor-widget-html\" data-id=\"e1ce6e5\" data-element_type=\"widget\" data-widget_type=\"html.default\">\n\t\t\t\t<div class=\"elementor-widget-container\">\n\t\t\t\t\t<img decoding=\"async\" id=\"webcam-image\" src=\"https:\/\/thecoast.ch\/hallenbarter\/webcam_hallenbartersport.jpg\" alt=\"Aktuelles Webcam-Bild\">\n<script> \ndocument.addEventListener('DOMContentLoaded', function() { \nvar imgElement = document.getElementById('webcam-image');\n \n\/\/ Berechnet einen sich alle Minuten \u00e4ndernden Wert \n\/\/ Math.floor(new Date().getTime() \/ 60000) teilt die Zeit in Minuten-Bl\u00f6cke \nvar cacheBuster = Math.floor(new Date().getTime() \/ 60000); \n\/\/ Setzt die neue URL mit dem Cache-Buster-Parameter \nimgElement.src = imgElement.src + '?t=' + cacheBuster; }); \n<\/script>\t\t\t\t<\/div>\n\t\t\t\t<\/div>\n\t\t\t\t\t<\/div>\n\t\t\t\t<\/div>\n\t\t<div class=\"elementor-element elementor-element-aefa8f0 e-flex e-con-boxed e-con e-parent\" data-id=\"aefa8f0\" data-element_type=\"container\">\n\t\t\t\t\t<div class=\"e-con-inner\">\n\t\t\t\t<div class=\"elementor-element elementor-element-adf8f91 elementor-widget__width-initial elementor-widget elementor-widget-heading\" data-id=\"adf8f91\" data-element_type=\"widget\" data-widget_type=\"heading.default\">\n\t\t\t\t<div class=\"elementor-widget-container\">\n\t\t\t\t\t<h2 class=\"elementor-heading-title elementor-size-default\">Emplacement de la cam\u00e9ra<\/h2>\t\t\t\t<\/div>\n\t\t\t\t<\/div>\n\t\t\t\t<div class=\"elementor-element elementor-element-84c2274 elementor-widget__width-initial elementor-widget elementor-widget-text-editor\" data-id=\"84c2274\" data-element_type=\"widget\" data-widget_type=\"text-editor.default\">\n\t\t\t\t<div class=\"elementor-widget-container\">\n\t\t\t\t\t\t\t\t\tLa webcam est install\u00e9e directement au Hallenbarter Nordic \u00e0 Obergesteln \u2013 au c\u0153ur de Goms et juste \u00e0 c\u00f4t\u00e9 de la piste de ski de fond de Goms, le c\u0153ur du ski de fond dans la r\u00e9gion.\t\t\t\t\t\t\t\t<\/div>\n\t\t\t\t<\/div>\n\t\t\t\t\t<\/div>\n\t\t\t\t<\/div>\n\t\t<div class=\"elementor-element elementor-element-77dbc13 e-flex e-con-boxed e-con e-parent\" data-id=\"77dbc13\" data-element_type=\"container\">\n\t\t\t\t\t<div class=\"e-con-inner\">\n\t\t\t\t<div class=\"elementor-element elementor-element-4a7f1ba elementor-widget__width-initial elementor-widget elementor-widget-heading\" data-id=\"4a7f1ba\" data-element_type=\"widget\" data-widget_type=\"heading.default\">\n\t\t\t\t<div class=\"elementor-widget-container\">\n\t\t\t\t\t<h2 class=\"elementor-heading-title elementor-size-default\">Pourquoi la webcam est utile<\/h2>\t\t\t\t<\/div>\n\t\t\t\t<\/div>\n\t\t\t\t<div class=\"elementor-element elementor-element-537a92d elementor-widget__width-initial elementor-widget elementor-widget-text-editor\" data-id=\"537a92d\" data-element_type=\"widget\" data-widget_type=\"text-editor.default\">\n\t\t\t\t<div class=\"elementor-widget-container\">\n\t\t\t\t\t\t\t\t\t<ul><li><strong>Impressions de derni\u00e8re minute : <\/strong>constatez par vous-m\u00eame les conditions sur place, que ce soit t\u00f4t le matin ou peu avant la fin de la journ\u00e9e de travail.<\/li><li><strong>Organisation facile : <\/strong>Id\u00e9al pour les clients qui souhaitent suivre un cours, louer du mat\u00e9riel ou se joindre spontan\u00e9ment au ski de fond.<\/li><li><strong>Des images r\u00e9elles plut\u00f4t que des donn\u00e9es m\u00e9t\u00e9orologiques :<\/strong> une image en direct en dit plus que n&rsquo;importe quelle pr\u00e9vision \u2013 elle est authentique, directe et fiable.<\/li><\/ul>\t\t\t\t\t\t\t\t<\/div>\n\t\t\t\t<\/div>\n\t\t\t\t\t<\/div>\n\t\t\t\t<\/div>\n\t\t<div class=\"elementor-element elementor-element-58d1c31 e-flex e-con-boxed e-con e-parent\" data-id=\"58d1c31\" data-element_type=\"container\">\n\t\t\t\t\t<div class=\"e-con-inner\">\n\t\t\t\t<div class=\"elementor-element elementor-element-f9e348f elementor-widget__width-initial elementor-widget elementor-widget-heading\" data-id=\"f9e348f\" data-element_type=\"widget\" data-widget_type=\"heading.default\">\n\t\t\t\t<div class=\"elementor-widget-container\">\n\t\t\t\t\t<h2 class=\"elementor-heading-title elementor-size-default\">Plus d'informations et offres<\/h2>\t\t\t\t<\/div>\n\t\t\t\t<\/div>\n\t\t\t\t<div class=\"elementor-element elementor-element-582aa5f elementor-widget__width-initial elementor-widget elementor-widget-text-editor\" data-id=\"582aa5f\" data-element_type=\"widget\" data-widget_type=\"text-editor.default\">\n\t\t\t\t<div class=\"elementor-widget-container\">\n\t\t\t\t\t\t\t\t\t<ul><li><a href=\"https:\/\/www.hallenbarter-nordic.ch\/fr\/ecole-de-ski-de-fond\/cours-de-ski-de-fond\/\">Consultez les parcours de ski de fond<\/a><\/li><li><a href=\"https:\/\/www.hallenbarter-nordic.ch\/fr\/boutique-de-sport-hallenbarter\/location-et-service\/\">R\u00e9servez du mat\u00e9riel de location<\/a><\/li><li><a href=\"https:\/\/www.hallenbarter-nordic.ch\/fr\/bar-vasa\/\">Visitez le bar Vasa<\/a><\/li><\/ul>\t\t\t\t\t\t\t\t<\/div>\n\t\t\t\t<\/div>\n\t\t\t\t\t<\/div>\n\t\t\t\t<\/div>\n\t\t\t\t<\/div>\n\t\t","protected":false},"excerpt":{"rendered":"<p>Boutique de sport Hallenbarter en direct Webcam ski de fond Goms \u00c9tat actuel des pistes de ski de fond \u00e0 Gluringen Suivez en direct les descentes de ski de fond \u00e0 Goms : notre webcam vous offre des images mises \u00e0 jour en temps r\u00e9el depuis l\u2019entr\u00e9e des pistes du domaine nordique de Hallenbarter \u00e0 [&hellip;]<\/p>\n","protected":false},"author":3,"featured_media":0,"parent":0,"menu_order":0,"comment_status":"closed","ping_status":"closed","template":"","meta":{"_acf_changed":false,"inline_featured_image":false,"footnotes":""},"class_list":["post-3144","page","type-page","status-publish","hentry"],"acf":[],"_links":{"self":[{"href":"https:\/\/www.hallenbarter-nordic.ch\/fr\/wp-json\/wp\/v2\/pages\/3144","targetHints":{"allow":["GET"]}}],"collection":[{"href":"https:\/\/www.hallenbarter-nordic.ch\/fr\/wp-json\/wp\/v2\/pages"}],"about":[{"href":"https:\/\/www.hallenbarter-nordic.ch\/fr\/wp-json\/wp\/v2\/types\/page"}],"author":[{"embeddable":true,"href":"https:\/\/www.hallenbarter-nordic.ch\/fr\/wp-json\/wp\/v2\/users\/3"}],"replies":[{"embeddable":true,"href":"https:\/\/www.hallenbarter-nordic.ch\/fr\/wp-json\/wp\/v2\/comments?post=3144"}],"version-history":[{"count":4,"href":"https:\/\/www.hallenbarter-nordic.ch\/fr\/wp-json\/wp\/v2\/pages\/3144\/revisions"}],"predecessor-version":[{"id":3161,"href":"https:\/\/www.hallenbarter-nordic.ch\/fr\/wp-json\/wp\/v2\/pages\/3144\/revisions\/3161"}],"wp:attachment":[{"href":"https:\/\/www.hallenbarter-nordic.ch\/fr\/wp-json\/wp\/v2\/media?parent=3144"}],"curies":[{"name":"wp","href":"https:\/\/api.w.org\/{rel}","templated":true}]}}