{"id":2622,"date":"2025-07-01T15:11:39","date_gmt":"2025-07-01T13:11:39","guid":{"rendered":"https:\/\/dev.sem-webagentur.de\/hallenbarter\/equipe\/"},"modified":"2025-08-13T10:47:40","modified_gmt":"2025-08-13T08:47:40","slug":"equipe","status":"publish","type":"page","link":"https:\/\/www.hallenbarter-nordic.ch\/fr\/equipe\/","title":{"rendered":"\u00c9quipe"},"content":{"rendered":"\t\t<div data-elementor-type=\"wp-page\" data-elementor-id=\"2622\" class=\"elementor elementor-2622 elementor-751\" data-elementor-post-type=\"page\">\n\t\t\t\t<div class=\"elementor-element elementor-element-9142a26 animated-slow e-flex e-con-boxed elementor-invisible e-con e-parent\" data-id=\"9142a26\" data-element_type=\"container\" data-settings=\"{&quot;animation&quot;:&quot;fadeIn&quot;,&quot;background_background&quot;:&quot;classic&quot;}\">\n\t\t\t\t\t<div class=\"e-con-inner\">\n\t\t<div class=\"elementor-element elementor-element-2ef0649 e-con-full e-flex e-con e-child\" data-id=\"2ef0649\" data-element_type=\"container\">\n\t\t<div class=\"elementor-element elementor-element-6db472c e-con-full e-flex e-con e-child\" data-id=\"6db472c\" data-element_type=\"container\">\n\t\t\t\t<div class=\"elementor-element elementor-element-f057068 elementor-widget elementor-widget-heading\" data-id=\"f057068\" data-element_type=\"widget\" data-widget_type=\"heading.default\">\n\t\t\t\t<div class=\"elementor-widget-container\">\n\t\t\t\t\t<h2 class=\"elementor-heading-title elementor-size-default\">Boutique de sport Hallenbarter<\/h2>\t\t\t\t<\/div>\n\t\t\t\t<\/div>\n\t\t\t\t<div class=\"elementor-element elementor-element-c29c99d elementor-widget__width-initial elementor-widget elementor-widget-heading\" data-id=\"c29c99d\" data-element_type=\"widget\" data-widget_type=\"heading.default\">\n\t\t\t\t<div class=\"elementor-widget-container\">\n\t\t\t\t\t<h2 class=\"elementor-heading-title elementor-size-default\">Notre \u00e9quipe<\/h2>\t\t\t\t<\/div>\n\t\t\t\t<\/div>\n\t\t\t\t<\/div>\n\t\t\t\t<\/div>\n\t\t\t\t\t<\/div>\n\t\t\t\t<\/div>\n\t\t<div class=\"elementor-element elementor-element-5f74139 e-flex e-con-boxed e-con e-parent\" data-id=\"5f74139\" data-element_type=\"container\" data-settings=\"{&quot;background_background&quot;:&quot;classic&quot;}\">\n\t\t\t\t\t<div class=\"e-con-inner\">\n\t\t<div class=\"elementor-element elementor-element-e0c8c0c e-con-full animated-slow e-flex elementor-invisible e-con e-child\" data-id=\"e0c8c0c\" data-element_type=\"container\" data-settings=\"{&quot;animation&quot;:&quot;fadeIn&quot;}\">\n\t\t\t\t<div class=\"elementor-element elementor-element-908abe5 elementor-widget elementor-widget-heading\" data-id=\"908abe5\" data-element_type=\"widget\" data-widget_type=\"heading.default\">\n\t\t\t\t<div class=\"elementor-widget-container\">\n\t\t\t\t\t<h2 class=\"elementor-heading-title elementor-size-default\">Comp\u00e9tence &amp; proximit\u00e9 r\u00e9elle avec la r\u00e9gion<\/h2>\t\t\t\t<\/div>\n\t\t\t\t<\/div>\n\t\t\t\t<div class=\"elementor-element elementor-element-8536bde elementor-widget__width-initial elementor-widget elementor-widget-heading\" data-id=\"8536bde\" data-element_type=\"widget\" data-widget_type=\"heading.default\">\n\t\t\t\t<div class=\"elementor-widget-container\">\n\t\t\t\t\t<h2 class=\"elementor-heading-title elementor-size-default\">Personnel et comp\u00e9tent. Engag\u00e9s dans leur travail. Sportif.  <\/h2>\t\t\t\t<\/div>\n\t\t\t\t<\/div>\n\t\t\t\t<div class=\"elementor-element elementor-element-7e9fde4 elementor-widget__width-initial elementor-widget elementor-widget-text-editor\" data-id=\"7e9fde4\" data-element_type=\"widget\" data-widget_type=\"text-editor.default\">\n\t\t\t\t<div class=\"elementor-widget-container\">\n\t\t\t\t\t\t\t\t\t<p>Chez nous, ce ne sont pas seulement les produits et les services qui sont au premier plan, mais les personnes. Notre \u00e9quipe allie comp\u00e9tence, enthousiasme et v\u00e9ritable proximit\u00e9 avec la r\u00e9gion. Que ce soit \u00e0 l&rsquo;\u00e9cole de ski de fond Benjamin Weger, au Hallenbarter Sport Shop ou au Vasa Bar, nous sommes l\u00e0 pour vous, avec exp\u00e9rience, plaisir et une oreille attentive.  <\/p>\t\t\t\t\t\t\t\t<\/div>\n\t\t\t\t<\/div>\n\t\t\t\t<div class=\"elementor-element elementor-element-dbc32be elementor-widget__width-initial elementor-grid-tablet-3 elementor-grid-3 elementor-grid-mobile-1 elementor-widget elementor-widget-loop-grid\" data-id=\"dbc32be\" data-element_type=\"widget\" data-settings=\"{&quot;template_id&quot;:2546,&quot;columns_tablet&quot;:3,&quot;_skin&quot;:&quot;post&quot;,&quot;columns&quot;:&quot;3&quot;,&quot;columns_mobile&quot;:&quot;1&quot;,&quot;edit_handle_selector&quot;:&quot;[data-elementor-type=\\&quot;loop-item\\&quot;]&quot;,&quot;row_gap&quot;:{&quot;unit&quot;:&quot;px&quot;,&quot;size&quot;:&quot;&quot;,&quot;sizes&quot;:[]},&quot;row_gap_laptop&quot;:{&quot;unit&quot;:&quot;px&quot;,&quot;size&quot;:&quot;&quot;,&quot;sizes&quot;:[]},&quot;row_gap_tablet_extra&quot;:{&quot;unit&quot;:&quot;px&quot;,&quot;size&quot;:&quot;&quot;,&quot;sizes&quot;:[]},&quot;row_gap_tablet&quot;:{&quot;unit&quot;:&quot;px&quot;,&quot;size&quot;:&quot;&quot;,&quot;sizes&quot;:[]},&quot;row_gap_mobile_extra&quot;:{&quot;unit&quot;:&quot;px&quot;,&quot;size&quot;:&quot;&quot;,&quot;sizes&quot;:[]},&quot;row_gap_mobile&quot;:{&quot;unit&quot;:&quot;px&quot;,&quot;size&quot;:&quot;&quot;,&quot;sizes&quot;:[]}}\" data-widget_type=\"loop-grid.post\">\n\t\t\t\t<div class=\"elementor-widget-container\">\n\t\t\t\t\t\t\t<div class=\"elementor-loop-container elementor-grid\">\n\t\t<style id=\"loop-2546\">.elementor-2546 .elementor-element.elementor-element-98856c0{--display:flex;--gap:0px 0px;--row-gap:0px;--column-gap:0px;--padding-top:0px;--padding-bottom:0px;--padding-left:0px;--padding-right:0px;}.elementor-2546 .elementor-element.elementor-element-f98bccc{--display:flex;--padding-top:0px;--padding-bottom:0px;--padding-left:0px;--padding-right:0px;}.elementor-widget-theme-post-featured-image .widget-image-caption{color:var( --e-global-color-text );font-family:var( --e-global-typography-text-font-family ), Sans-serif;font-size:var( --e-global-typography-text-font-size );font-weight:var( --e-global-typography-text-font-weight );line-height:var( --e-global-typography-text-line-height );}.elementor-2546 .elementor-element.elementor-element-5e7bf87{text-align:left;}.elementor-2546 .elementor-element.elementor-element-5e7bf87 img{width:360px;}.elementor-widget-theme-post-title .elementor-heading-title{font-family:var( --e-global-typography-primary-font-family ), Sans-serif;font-size:var( --e-global-typography-primary-font-size );font-weight:var( --e-global-typography-primary-font-weight );text-transform:var( --e-global-typography-primary-text-transform );line-height:var( --e-global-typography-primary-line-height );color:var( --e-global-color-primary );}.elementor-2546 .elementor-element.elementor-element-1fd20d6 > .elementor-widget-container{margin:25px 0px 0px 0px;}.elementor-2546 .elementor-element.elementor-element-1fd20d6 .elementor-heading-title{font-family:var( --e-global-typography-a905e21-font-family ), Sans-serif;font-size:var( --e-global-typography-a905e21-font-size );font-weight:var( --e-global-typography-a905e21-font-weight );text-transform:var( --e-global-typography-a905e21-text-transform );line-height:var( --e-global-typography-a905e21-line-height );color:var( --e-global-color-secondary );}.elementor-widget-text-editor{font-family:var( --e-global-typography-text-font-family ), Sans-serif;font-size:var( --e-global-typography-text-font-size );font-weight:var( --e-global-typography-text-font-weight );line-height:var( --e-global-typography-text-line-height );color:var( --e-global-color-text );}.elementor-widget-text-editor.elementor-drop-cap-view-stacked .elementor-drop-cap{background-color:var( --e-global-color-primary );}.elementor-widget-text-editor.elementor-drop-cap-view-framed .elementor-drop-cap, .elementor-widget-text-editor.elementor-drop-cap-view-default .elementor-drop-cap{color:var( --e-global-color-primary );border-color:var( --e-global-color-primary );}.elementor-2546 .elementor-element.elementor-element-252f6a3 > .elementor-widget-container{margin:5px 0px 0px 0px;}.elementor-2546 .elementor-element.elementor-element-252f6a3{font-family:var( --e-global-typography-947e6d2-font-family ), Sans-serif;font-size:var( --e-global-typography-947e6d2-font-size );font-weight:var( --e-global-typography-947e6d2-font-weight );}@media(max-width:1366px){.elementor-widget-theme-post-featured-image .widget-image-caption{font-size:var( --e-global-typography-text-font-size );line-height:var( --e-global-typography-text-line-height );}.elementor-widget-theme-post-title .elementor-heading-title{font-size:var( --e-global-typography-primary-font-size );line-height:var( --e-global-typography-primary-line-height );}.elementor-2546 .elementor-element.elementor-element-1fd20d6 .elementor-heading-title{font-size:var( --e-global-typography-a905e21-font-size );line-height:var( --e-global-typography-a905e21-line-height );}.elementor-widget-text-editor{font-size:var( --e-global-typography-text-font-size );line-height:var( --e-global-typography-text-line-height );}.elementor-2546 .elementor-element.elementor-element-252f6a3{font-size:var( --e-global-typography-947e6d2-font-size );}}@media(max-width:1024px){.elementor-widget-theme-post-featured-image .widget-image-caption{font-size:var( --e-global-typography-text-font-size );line-height:var( --e-global-typography-text-line-height );}.elementor-widget-theme-post-title .elementor-heading-title{font-size:var( --e-global-typography-primary-font-size );line-height:var( --e-global-typography-primary-line-height );}.elementor-2546 .elementor-element.elementor-element-1fd20d6 .elementor-heading-title{font-size:var( --e-global-typography-a905e21-font-size );line-height:var( --e-global-typography-a905e21-line-height );}.elementor-widget-text-editor{font-size:var( --e-global-typography-text-font-size );line-height:var( --e-global-typography-text-line-height );}.elementor-2546 .elementor-element.elementor-element-252f6a3{font-size:var( --e-global-typography-947e6d2-font-size );}}@media(max-width:767px){.elementor-widget-theme-post-featured-image .widget-image-caption{font-size:var( --e-global-typography-text-font-size );line-height:var( --e-global-typography-text-line-height );}.elementor-2546 .elementor-element.elementor-element-5e7bf87 img{height:420px;object-fit:cover;}.elementor-widget-theme-post-title .elementor-heading-title{font-size:var( --e-global-typography-primary-font-size );line-height:var( --e-global-typography-primary-line-height );}.elementor-2546 .elementor-element.elementor-element-1fd20d6 .elementor-heading-title{font-size:var( --e-global-typography-a905e21-font-size );line-height:var( --e-global-typography-a905e21-line-height );}.elementor-widget-text-editor{font-size:var( --e-global-typography-text-font-size );line-height:var( --e-global-typography-text-line-height );}.elementor-2546 .elementor-element.elementor-element-252f6a3{font-size:var( --e-global-typography-947e6d2-font-size );}}\/* Start custom CSS for container, class: .elementor-element-f98bccc *\/.elementor-2546 .elementor-element.elementor-element-f98bccc {\n    overflow: hidden;\n}\/* End custom CSS *\/<\/style>\t\t<div data-elementor-type=\"loop-item\" data-elementor-id=\"2546\" class=\"elementor elementor-2546 elementor-398 e-loop-item e-loop-item-2872 post-2872 team type-team status-publish has-post-thumbnail hentry\" data-elementor-post-type=\"elementor_library\" data-custom-edit-handle=\"1\">\n\t\t\t<a class=\"elementor-element elementor-element-98856c0 e-flex e-con-boxed e-con e-parent\" data-id=\"98856c0\" data-element_type=\"container\" href=\"https:\/\/www.hallenbarter-nordic.ch\/fr\/aktuelles\/team\/anne-danielle-jost\/\">\n\t\t\t\t\t<div class=\"e-con-inner\">\n\t\t<div class=\"elementor-element elementor-element-f98bccc e-con-full e-flex e-con e-child\" data-id=\"f98bccc\" data-element_type=\"container\">\n\t\t\t\t<div class=\"elementor-element elementor-element-5e7bf87 elementor-widget elementor-widget-theme-post-featured-image elementor-widget-image\" data-id=\"5e7bf87\" data-element_type=\"widget\" data-widget_type=\"theme-post-featured-image.default\">\n\t\t\t\t<div class=\"elementor-widget-container\">\n\t\t\t\t\t\t\t\t\t\t\t\t\t\t\t<img fetchpriority=\"high\" decoding=\"async\" width=\"768\" height=\"1024\" src=\"https:\/\/www.hallenbarter-nordic.ch\/wp-content\/uploads\/2025\/08\/Jost-Anne-Danielle.jpg\" class=\"attachment-large size-large wp-image-2816\" alt=\"\" \/>\t\t\t\t\t\t\t\t\t\t\t\t\t\t\t<\/div>\n\t\t\t\t<\/div>\n\t\t\t\t<\/div>\n\t\t\t\t<div class=\"elementor-element elementor-element-1fd20d6 elementor-widget elementor-widget-theme-post-title elementor-page-title elementor-widget-heading\" data-id=\"1fd20d6\" data-element_type=\"widget\" data-widget_type=\"theme-post-title.default\">\n\t\t\t\t<div class=\"elementor-widget-container\">\n\t\t\t\t\t<h3 class=\"elementor-heading-title elementor-size-default\">Anne-Danielle Jost<\/h3>\t\t\t\t<\/div>\n\t\t\t\t<\/div>\n\t\t\t\t<div class=\"elementor-element elementor-element-252f6a3 elementor-widget elementor-widget-text-editor\" data-id=\"252f6a3\" data-element_type=\"widget\" data-widget_type=\"text-editor.default\">\n\t\t\t\t<div class=\"elementor-widget-container\">\n\t\t\t\t\t\t\t\t\tBackoffice\t\t\t\t\t\t\t\t<\/div>\n\t\t\t\t<\/div>\n\t\t\t\t\t<\/div>\n\t\t\t\t<\/a>\n\t\t\t\t<\/div>\n\t\t\t\t<div data-elementor-type=\"loop-item\" data-elementor-id=\"2546\" class=\"elementor elementor-2546 elementor-398 e-loop-item e-loop-item-2875 post-2875 team type-team status-publish has-post-thumbnail hentry\" data-elementor-post-type=\"elementor_library\" data-custom-edit-handle=\"1\">\n\t\t\t<a class=\"elementor-element elementor-element-98856c0 e-flex e-con-boxed e-con e-parent\" data-id=\"98856c0\" data-element_type=\"container\" href=\"https:\/\/www.hallenbarter-nordic.ch\/fr\/aktuelles\/team\/clara-hallenbarter\/\">\n\t\t\t\t\t<div class=\"e-con-inner\">\n\t\t<div class=\"elementor-element elementor-element-f98bccc e-con-full e-flex e-con e-child\" data-id=\"f98bccc\" data-element_type=\"container\">\n\t\t\t\t<div class=\"elementor-element elementor-element-5e7bf87 elementor-widget elementor-widget-theme-post-featured-image elementor-widget-image\" data-id=\"5e7bf87\" data-element_type=\"widget\" data-widget_type=\"theme-post-featured-image.default\">\n\t\t\t\t<div class=\"elementor-widget-container\">\n\t\t\t\t\t\t\t\t\t\t\t\t\t\t\t<img decoding=\"async\" width=\"768\" height=\"1024\" src=\"https:\/\/www.hallenbarter-nordic.ch\/wp-content\/uploads\/2025\/08\/Hallenbarter-Clara.jpg\" class=\"attachment-large size-large wp-image-2813\" alt=\"\" \/>\t\t\t\t\t\t\t\t\t\t\t\t\t\t\t<\/div>\n\t\t\t\t<\/div>\n\t\t\t\t<\/div>\n\t\t\t\t<div class=\"elementor-element elementor-element-1fd20d6 elementor-widget elementor-widget-theme-post-title elementor-page-title elementor-widget-heading\" data-id=\"1fd20d6\" data-element_type=\"widget\" data-widget_type=\"theme-post-title.default\">\n\t\t\t\t<div class=\"elementor-widget-container\">\n\t\t\t\t\t<h3 class=\"elementor-heading-title elementor-size-default\">Clara Hallenbarter<\/h3>\t\t\t\t<\/div>\n\t\t\t\t<\/div>\n\t\t\t\t<div class=\"elementor-element elementor-element-252f6a3 elementor-widget elementor-widget-text-editor\" data-id=\"252f6a3\" data-element_type=\"widget\" data-widget_type=\"text-editor.default\">\n\t\t\t\t<div class=\"elementor-widget-container\">\n\t\t\t\t\t\t\t\t\tDirectrice adjointe \t\t\t\t\t\t\t\t<\/div>\n\t\t\t\t<\/div>\n\t\t\t\t\t<\/div>\n\t\t\t\t<\/a>\n\t\t\t\t<\/div>\n\t\t\t\t<div data-elementor-type=\"loop-item\" data-elementor-id=\"2546\" class=\"elementor elementor-2546 elementor-398 e-loop-item e-loop-item-2873 post-2873 team type-team status-publish has-post-thumbnail hentry\" data-elementor-post-type=\"elementor_library\" data-custom-edit-handle=\"1\">\n\t\t\t<a class=\"elementor-element elementor-element-98856c0 e-flex e-con-boxed e-con e-parent\" data-id=\"98856c0\" data-element_type=\"container\" href=\"https:\/\/www.hallenbarter-nordic.ch\/fr\/aktuelles\/team\/benjamin-weger\/\">\n\t\t\t\t\t<div class=\"e-con-inner\">\n\t\t<div class=\"elementor-element elementor-element-f98bccc e-con-full e-flex e-con e-child\" data-id=\"f98bccc\" data-element_type=\"container\">\n\t\t\t\t<div class=\"elementor-element elementor-element-5e7bf87 elementor-widget elementor-widget-theme-post-featured-image elementor-widget-image\" data-id=\"5e7bf87\" data-element_type=\"widget\" data-widget_type=\"theme-post-featured-image.default\">\n\t\t\t\t<div class=\"elementor-widget-container\">\n\t\t\t\t\t\t\t\t\t\t\t\t\t\t\t<img decoding=\"async\" width=\"768\" height=\"1024\" src=\"https:\/\/www.hallenbarter-nordic.ch\/wp-content\/uploads\/2025\/08\/Weger-Benjamin.jpg\" class=\"attachment-large size-large wp-image-2819\" alt=\"\" \/>\t\t\t\t\t\t\t\t\t\t\t\t\t\t\t<\/div>\n\t\t\t\t<\/div>\n\t\t\t\t<\/div>\n\t\t\t\t<div class=\"elementor-element elementor-element-1fd20d6 elementor-widget elementor-widget-theme-post-title elementor-page-title elementor-widget-heading\" data-id=\"1fd20d6\" data-element_type=\"widget\" data-widget_type=\"theme-post-title.default\">\n\t\t\t\t<div class=\"elementor-widget-container\">\n\t\t\t\t\t<h3 class=\"elementor-heading-title elementor-size-default\">Benjamin Weger<\/h3>\t\t\t\t<\/div>\n\t\t\t\t<\/div>\n\t\t\t\t<div class=\"elementor-element elementor-element-252f6a3 elementor-widget elementor-widget-text-editor\" data-id=\"252f6a3\" data-element_type=\"widget\" data-widget_type=\"text-editor.default\">\n\t\t\t\t<div class=\"elementor-widget-container\">\n\t\t\t\t\t\t\t\t\tDirecteur g\u00e9n\u00e9ral\t\t\t\t\t\t\t\t<\/div>\n\t\t\t\t<\/div>\n\t\t\t\t\t<\/div>\n\t\t\t\t<\/a>\n\t\t\t\t<\/div>\n\t\t\t\t<\/div>\n\t\t\n\t\t\t\t\t\t<\/div>\n\t\t\t\t<\/div>\n\t\t\t\t<\/div>\n\t\t\t\t\t<\/div>\n\t\t\t\t<\/div>\n\t\t\t\t<\/div>\n\t\t","protected":false},"excerpt":{"rendered":"<p>Boutique de sport Hallenbarter Notre \u00e9quipe Comp\u00e9tence &amp; proximit\u00e9 r\u00e9elle avec la r\u00e9gion Personnel et comp\u00e9tent. Engag\u00e9s dans leur travail. Sportif. Chez nous, ce ne sont pas seulement les produits et les services qui sont au premier plan, mais les personnes. Notre \u00e9quipe allie comp\u00e9tence, enthousiasme et v\u00e9ritable proximit\u00e9 avec la r\u00e9gion. Que ce soit [&hellip;]<\/p>\n","protected":false},"author":1,"featured_media":0,"parent":0,"menu_order":0,"comment_status":"closed","ping_status":"closed","template":"","meta":{"_acf_changed":false,"inline_featured_image":false,"footnotes":""},"class_list":["post-2622","page","type-page","status-publish","hentry"],"acf":[],"_links":{"self":[{"href":"https:\/\/www.hallenbarter-nordic.ch\/fr\/wp-json\/wp\/v2\/pages\/2622","targetHints":{"allow":["GET"]}}],"collection":[{"href":"https:\/\/www.hallenbarter-nordic.ch\/fr\/wp-json\/wp\/v2\/pages"}],"about":[{"href":"https:\/\/www.hallenbarter-nordic.ch\/fr\/wp-json\/wp\/v2\/types\/page"}],"author":[{"embeddable":true,"href":"https:\/\/www.hallenbarter-nordic.ch\/fr\/wp-json\/wp\/v2\/users\/1"}],"replies":[{"embeddable":true,"href":"https:\/\/www.hallenbarter-nordic.ch\/fr\/wp-json\/wp\/v2\/comments?post=2622"}],"version-history":[{"count":1,"href":"https:\/\/www.hallenbarter-nordic.ch\/fr\/wp-json\/wp\/v2\/pages\/2622\/revisions"}],"predecessor-version":[{"id":2623,"href":"https:\/\/www.hallenbarter-nordic.ch\/fr\/wp-json\/wp\/v2\/pages\/2622\/revisions\/2623"}],"wp:attachment":[{"href":"https:\/\/www.hallenbarter-nordic.ch\/fr\/wp-json\/wp\/v2\/media?parent=2622"}],"curies":[{"name":"wp","href":"https:\/\/api.w.org\/{rel}","templated":true}]}}