{"id":2614,"date":"2025-07-01T15:39:40","date_gmt":"2025-07-01T13:39:40","guid":{"rendered":"https:\/\/dev.sem-webagentur.de\/hallenbarter\/mentions-legales\/"},"modified":"2025-08-13T10:47:28","modified_gmt":"2025-08-13T08:47:28","slug":"mentions-legales","status":"publish","type":"page","link":"https:\/\/www.hallenbarter-nordic.ch\/fr\/mentions-legales\/","title":{"rendered":"Mentions l\u00e9gales"},"content":{"rendered":"\t\t<div data-elementor-type=\"wp-page\" data-elementor-id=\"2614\" class=\"elementor elementor-2614 elementor-779\" data-elementor-post-type=\"page\">\n\t\t\t\t<div class=\"elementor-element elementor-element-5f87345 e-flex e-con-boxed e-con e-parent\" data-id=\"5f87345\" data-element_type=\"container\" data-settings=\"{&quot;background_background&quot;:&quot;classic&quot;}\">\n\t\t\t\t\t<div class=\"e-con-inner\">\n\t\t\t\t<div class=\"elementor-element elementor-element-deb657c elementor-widget elementor-widget-shortcode\" data-id=\"deb657c\" data-element_type=\"widget\" data-widget_type=\"shortcode.default\">\n\t\t\t\t<div class=\"elementor-widget-container\">\n\t\t\t\t\t\t\t<div class=\"elementor-shortcode\"><nav aria-label=\"breadcrumbs\" class=\"rank-math-breadcrumb\"><p><span class=\"last\">Accueil<\/span><\/p><\/nav><\/div>\n\t\t\t\t\t\t<\/div>\n\t\t\t\t<\/div>\n\t\t\t\t\t<\/div>\n\t\t\t\t<\/div>\n\t\t<div class=\"elementor-element elementor-element-1314dee e-flex e-con-boxed e-con e-parent\" data-id=\"1314dee\" data-element_type=\"container\" data-settings=\"{&quot;background_background&quot;:&quot;classic&quot;}\">\n\t\t\t\t\t<div class=\"e-con-inner\">\n\t\t<div class=\"elementor-element elementor-element-83eedc9 e-con-full animated-slow e-flex elementor-invisible e-con e-child\" data-id=\"83eedc9\" data-element_type=\"container\" data-settings=\"{&quot;animation&quot;:&quot;fadeIn&quot;}\">\n\t\t\t\t<div class=\"elementor-element elementor-element-1abf6f2 elementor-widget elementor-widget-heading\" data-id=\"1abf6f2\" data-element_type=\"widget\" data-widget_type=\"heading.default\">\n\t\t\t\t<div class=\"elementor-widget-container\">\n\t\t\t\t\t<h1 class=\"elementor-heading-title elementor-size-default\">Mentions l\u00e9gales<\/h1>\t\t\t\t<\/div>\n\t\t\t\t<\/div>\n\t\t\t\t<div class=\"elementor-element elementor-element-3484653 elementor-widget elementor-widget-text-editor\" data-id=\"3484653\" data-element_type=\"widget\" data-widget_type=\"text-editor.default\">\n\t\t\t\t<div class=\"elementor-widget-container\">\n\t\t\t\t\t\t\t\t\t<p><strong>Contenu du site web<\/strong><\/p><p>nordic sports obergoms AG<br>sport shop vasa bar \u00e9cole de ski de fond<br>mattenstrasse 10<br>CH-3988 Obergesteln<br>T +41 27 973 27 37<br><a href=\"mailto:info@hallenbarter-nordic.ch\">info@hallenbarter-nordic.ch<\/a><\/p><p> <\/p><p><strong>Conception et d\u00e9veloppement de sites web<\/strong><\/p><p>AB3 Creative Collective GmbH<br>Allmei 5a<br>3930 Vi\u00e8ge<\/p><p><a href=\"mailto:info@ab3.ch\">info@ab3.ch<\/a><br><a href=\"http:\/\/www.ab3.ch\" target=\"_blank\" rel=\"noopener\">www.ab3.ch<\/a><\/p><p><strong>Clause de non-responsabilit\u00e9<\/strong><\/p><p>nordic sports obergoms AG n&rsquo;assume aucune garantie quant \u00e0 l&rsquo;exactitude, l&rsquo;exhaustivit\u00e9 ou l&rsquo;actualit\u00e9 des informations mises \u00e0 disposition. Toute revendication de responsabilit\u00e9 contre nordic sports obergoms AG r\u00e9sultant de l&rsquo;utilisation ou de la non-utilisation des informations publi\u00e9es ou de l&rsquo;utilisation d&rsquo;informations erron\u00e9es ou incompl\u00e8tes est exclue. Nordic sports obergoms AG se r\u00e9serve express\u00e9ment le droit de modifier le contenu du site \u00e0 tout moment et sans pr\u00e9avis.  <\/p><p><strong>R\u00e9f\u00e9rences et liens<\/strong><\/p><p>nordic sports obergoms AG n&rsquo;a aucune influence sur la conception ou le contenu des pages li\u00e9es. Nordic sports obergoms AG d\u00e9clare donc qu&rsquo;il se distancie express\u00e9ment de tous les contenus et de toutes les pages li\u00e9es. La responsabilit\u00e9 pour des informations ill\u00e9gales, incompl\u00e8tes ou erron\u00e9es incombe uniquement au fournisseur du site. Toute responsabilit\u00e9 est d\u00e9clin\u00e9e pour de tels sites.   <\/p>\t\t\t\t\t\t\t\t<\/div>\n\t\t\t\t<\/div>\n\t\t\t\t<\/div>\n\t\t\t\t\t<\/div>\n\t\t\t\t<\/div>\n\t\t\t\t<\/div>\n\t\t","protected":false},"excerpt":{"rendered":"<p>Mentions l\u00e9gales Contenu du site web nordic sports obergoms AGsport shop vasa bar \u00e9cole de ski de fondmattenstrasse 10CH-3988 ObergestelnT +41 27 973 27 37info@hallenbarter-nordic.ch Conception et d\u00e9veloppement de sites web AB3 Creative Collective GmbHAllmei 5a3930 Vi\u00e8ge info@ab3.chwww.ab3.ch Clause de non-responsabilit\u00e9 nordic sports obergoms AG n&rsquo;assume aucune garantie quant \u00e0 l&rsquo;exactitude, l&rsquo;exhaustivit\u00e9 ou l&rsquo;actualit\u00e9 des [&hellip;]<\/p>\n","protected":false},"author":1,"featured_media":0,"parent":0,"menu_order":0,"comment_status":"closed","ping_status":"closed","template":"","meta":{"_acf_changed":false,"inline_featured_image":false,"footnotes":""},"class_list":["post-2614","page","type-page","status-publish","hentry"],"acf":[],"_links":{"self":[{"href":"https:\/\/www.hallenbarter-nordic.ch\/fr\/wp-json\/wp\/v2\/pages\/2614","targetHints":{"allow":["GET"]}}],"collection":[{"href":"https:\/\/www.hallenbarter-nordic.ch\/fr\/wp-json\/wp\/v2\/pages"}],"about":[{"href":"https:\/\/www.hallenbarter-nordic.ch\/fr\/wp-json\/wp\/v2\/types\/page"}],"author":[{"embeddable":true,"href":"https:\/\/www.hallenbarter-nordic.ch\/fr\/wp-json\/wp\/v2\/users\/1"}],"replies":[{"embeddable":true,"href":"https:\/\/www.hallenbarter-nordic.ch\/fr\/wp-json\/wp\/v2\/comments?post=2614"}],"version-history":[{"count":1,"href":"https:\/\/www.hallenbarter-nordic.ch\/fr\/wp-json\/wp\/v2\/pages\/2614\/revisions"}],"predecessor-version":[{"id":2615,"href":"https:\/\/www.hallenbarter-nordic.ch\/fr\/wp-json\/wp\/v2\/pages\/2614\/revisions\/2615"}],"wp:attachment":[{"href":"https:\/\/www.hallenbarter-nordic.ch\/fr\/wp-json\/wp\/v2\/media?parent=2614"}],"curies":[{"name":"wp","href":"https:\/\/api.w.org\/{rel}","templated":true}]}}