{"id":2598,"date":"2025-07-11T15:34:56","date_gmt":"2025-07-11T13:34:56","guid":{"rendered":"https:\/\/dev.sem-webagentur.de\/hallenbarter\/piste-de-ski-de-fond-goms\/"},"modified":"2025-09-11T15:40:41","modified_gmt":"2025-09-11T13:40:41","slug":"piste-de-ski-de-fond-goms","status":"publish","type":"page","link":"https:\/\/www.hallenbarter-nordic.ch\/fr\/ecole-de-ski-de-fond\/piste-de-ski-de-fond-goms\/","title":{"rendered":"Piste de ski de fond Goms"},"content":{"rendered":"\t\t<div data-elementor-type=\"wp-page\" data-elementor-id=\"2598\" class=\"elementor elementor-2598 elementor-1036\" data-elementor-post-type=\"page\">\n\t\t\t\t<div class=\"elementor-element elementor-element-9142a26 e-con-full animated-slow e-flex elementor-invisible e-con e-parent\" data-id=\"9142a26\" data-element_type=\"container\" data-settings=\"{&quot;animation&quot;:&quot;fadeIn&quot;}\">\n\t\t\t\t<div class=\"elementor-element elementor-element-fdf6fa1 elementor-absolute elementor-widget__width-auto elementor-widget elementor-widget-text-path\" data-id=\"fdf6fa1\" data-element_type=\"widget\" data-settings=\"{&quot;text&quot;:&quot;Ski de fond -- Passion -- Mode de vie --&quot;,&quot;_position&quot;:&quot;absolute&quot;,&quot;align&quot;:&quot;left&quot;,&quot;motion_fx_motion_fx_scrolling&quot;:&quot;yes&quot;,&quot;motion_fx_rotateZ_effect&quot;:&quot;yes&quot;,&quot;link&quot;:{&quot;url&quot;:&quot;&quot;,&quot;is_external&quot;:&quot;&quot;,&quot;nofollow&quot;:&quot;&quot;,&quot;custom_attributes&quot;:&quot;&quot;},&quot;start_point&quot;:{&quot;unit&quot;:&quot;%&quot;,&quot;size&quot;:0,&quot;sizes&quot;:[]},&quot;motion_fx_rotateZ_speed&quot;:{&quot;unit&quot;:&quot;px&quot;,&quot;size&quot;:1,&quot;sizes&quot;:[]},&quot;motion_fx_rotateZ_affectedRange&quot;:{&quot;unit&quot;:&quot;%&quot;,&quot;size&quot;:&quot;&quot;,&quot;sizes&quot;:{&quot;start&quot;:0,&quot;end&quot;:100}},&quot;motion_fx_devices&quot;:[&quot;desktop&quot;,&quot;laptop&quot;,&quot;tablet_extra&quot;,&quot;tablet&quot;,&quot;mobile_extra&quot;,&quot;mobile&quot;]}\" data-widget_type=\"text-path.default\">\n\t\t\t\t<div class=\"elementor-widget-container\">\n\t\t\t\t\t\t\t<div class=\"e-text-path\" data-text=\"Ski de fond -- Passion -- Mode de vie --\" data-url=\"\/\/www.hallenbarter-nordic.ch\/wp-content\/plugins\/elementor\/assets\/svg-paths\/circle.svg\" data-link-url=\"\"><\/div>\n\t\t\t\t\t\t<\/div>\n\t\t\t\t<\/div>\n\t\t<div class=\"elementor-element elementor-element-2ef0649 e-con-full e-flex e-con e-child\" data-id=\"2ef0649\" data-element_type=\"container\">\n\t\t<div class=\"elementor-element elementor-element-6db472c e-con-full e-flex e-con e-child\" data-id=\"6db472c\" data-element_type=\"container\">\n\t\t\t\t<div class=\"elementor-element elementor-element-2dfb7e1 elementor-widget elementor-widget-heading\" data-id=\"2dfb7e1\" data-element_type=\"widget\" data-widget_type=\"heading.default\">\n\t\t\t\t<div class=\"elementor-widget-container\">\n\t\t\t\t\t<h1 class=\"elementor-heading-title elementor-size-default\">Piste de ski de fond Goms &amp; Centre nordique Goms<\/h1>\t\t\t\t<\/div>\n\t\t\t\t<\/div>\n\t\t\t\t<div class=\"elementor-element elementor-element-c29c99d elementor-widget__width-initial elementor-widget elementor-widget-heading\" data-id=\"c29c99d\" data-element_type=\"widget\" data-widget_type=\"heading.default\">\n\t\t\t\t<div class=\"elementor-widget-container\">\n\t\t\t\t\t<h2 class=\"elementor-heading-title elementor-size-default\">Le paradis du ski de fond au c\u0153ur du Valais<\/h2>\t\t\t\t<\/div>\n\t\t\t\t<\/div>\n\t\t\t\t<div class=\"elementor-element elementor-element-fd453e9 elementor-widget__width-initial elementor-widget elementor-widget-text-editor\" data-id=\"fd453e9\" data-element_type=\"widget\" data-widget_type=\"text-editor.default\">\n\t\t\t\t<div class=\"elementor-widget-container\">\n\t\t\t\t\t\t\t\t\t<p>La vall\u00e9e de Conches compte parmi les r\u00e9gions de ski de fond les plus r\u00e9put\u00e9es de Suisse. Avec un enneigement garanti entre 1&rsquo;250 et 1&rsquo;400 m d&rsquo;altitude, la haute vall\u00e9e offre des conditions id\u00e9ales pour les skieurs de fond de tous niveaux. La piste de ski de fond de la vall\u00e9e de Conches relie douze charmants villages et permet de vivre une exp\u00e9rience hivernale unique au c\u0153ur d&rsquo;un d\u00e9cor de montagne \u00e0 couper le souffle.   <\/p>\t\t\t\t\t\t\t\t<\/div>\n\t\t\t\t<\/div>\n\t\t\t\t<\/div>\n\t\t\t\t<\/div>\n\t\t<div class=\"elementor-element elementor-element-43823f9 e-con-full e-flex e-con e-child\" data-id=\"43823f9\" data-element_type=\"container\" data-settings=\"{&quot;background_background&quot;:&quot;classic&quot;}\">\n\t\t\t\t<\/div>\n\t\t\t\t<\/div>\n\t\t<div class=\"elementor-element elementor-element-273d57f e-flex e-con-boxed e-con e-parent\" data-id=\"273d57f\" data-element_type=\"container\" id=\"start\" data-settings=\"{&quot;background_background&quot;:&quot;classic&quot;}\">\n\t\t\t\t\t<div class=\"e-con-inner\">\n\t\t<div class=\"elementor-element elementor-element-6e953d2 e-con-full e-flex e-con e-child\" data-id=\"6e953d2\" data-element_type=\"container\">\n\t\t\t\t<div class=\"elementor-element elementor-element-64d0ec5 elementor-widget elementor-widget-image\" data-id=\"64d0ec5\" data-element_type=\"widget\" data-widget_type=\"image.default\">\n\t\t\t\t<div class=\"elementor-widget-container\">\n\t\t\t\t\t\t\t\t\t\t\t\t\t\t\t<img decoding=\"async\" src=\"https:\/\/www.hallenbarter-nordic.ch\/wp-content\/uploads\/elementor\/thumbs\/hallenbarter-sport-shop-loipe-goms-benjamin-weger-rcuhvbc1hzow2ec0wii0mqq7ocz2mtgsdeauf371qc.jpg\" title=\"hallenbarter-sport-shop-loipe-goms-benjamin-weger\" alt=\"hallenbarter-sport-shop-loipe-goms-benjamin-weger\" loading=\"lazy\" \/>\t\t\t\t\t\t\t\t\t\t\t\t\t\t\t<\/div>\n\t\t\t\t<\/div>\n\t\t\t\t<\/div>\n\t\t<div class=\"elementor-element elementor-element-2010c05 e-con-full e-flex e-con e-child\" data-id=\"2010c05\" data-element_type=\"container\">\n\t\t\t\t<div class=\"elementor-element elementor-element-903b79a elementor-widget__width-initial elementor-widget elementor-widget-heading\" data-id=\"903b79a\" data-element_type=\"widget\" data-widget_type=\"heading.default\">\n\t\t\t\t<div class=\"elementor-widget-container\">\n\t\t\t\t\t<h2 class=\"elementor-heading-title elementor-size-default\">Piste de ski de fond Goms<\/h2>\t\t\t\t<\/div>\n\t\t\t\t<\/div>\n\t\t\t\t<div class=\"elementor-element elementor-element-b5241e0 elementor-widget elementor-widget-text-editor\" data-id=\"b5241e0\" data-element_type=\"widget\" data-widget_type=\"text-editor.default\">\n\t\t\t\t<div class=\"elementor-widget-container\">\n\t\t\t\t\t\t\t\t\t<p>Le r\u00e9seau de pistes de ski de fond s&rsquo;\u00e9tend sur plus de 100 kilom\u00e8tres et propose aussi bien des parcours classiques que des pistes de skating. Parmi les points forts, on peut citer <\/p>\t\t\t\t\t\t\t\t<\/div>\n\t\t\t\t<\/div>\n\t\t<div class=\"elementor-element elementor-element-720e13d e-con-full e-flex e-con e-child\" data-id=\"720e13d\" data-element_type=\"container\">\n\t\t<div class=\"elementor-element elementor-element-8f34308 e-con-full e-flex e-con e-child\" data-id=\"8f34308\" data-element_type=\"container\">\n\t\t<div class=\"elementor-element elementor-element-ac26a65 e-con-full e-flex e-con e-child\" data-id=\"ac26a65\" data-element_type=\"container\">\n\t\t\t\t<div class=\"elementor-element elementor-element-75ee974 elementor-widget elementor-widget-text-editor\" data-id=\"75ee974\" data-element_type=\"widget\" data-widget_type=\"text-editor.default\">\n\t\t\t\t<div class=\"elementor-widget-container\">\n\t\t\t\t\t\t\t\t\t<p>Piste de ski de fond Rottenloipe<\/p>\t\t\t\t\t\t\t\t<\/div>\n\t\t\t\t<\/div>\n\t\t\t\t<\/div>\n\t\t<div class=\"elementor-element elementor-element-d577422 e-con-full e-flex e-con e-child\" data-id=\"d577422\" data-element_type=\"container\">\n\t\t\t\t<div class=\"elementor-element elementor-element-23aaf09 elementor-widget elementor-widget-text-editor\" data-id=\"23aaf09\" data-element_type=\"widget\" data-widget_type=\"text-editor.default\">\n\t\t\t\t<div class=\"elementor-widget-container\">\n\t\t\t\t\t\t\t\t\t<p>26 km, facile - le long du jeune Rh\u00f4ne d&rsquo;Oberwald \u00e0 Niederwald.<\/p>\t\t\t\t\t\t\t\t<\/div>\n\t\t\t\t<\/div>\n\t\t\t\t<\/div>\n\t\t\t\t<\/div>\n\t\t<div class=\"elementor-element elementor-element-a09e604 e-con-full e-flex e-con e-child\" data-id=\"a09e604\" data-element_type=\"container\">\n\t\t<div class=\"elementor-element elementor-element-75bc6d2 e-con-full e-flex e-con e-child\" data-id=\"75bc6d2\" data-element_type=\"container\">\n\t\t\t\t<div class=\"elementor-element elementor-element-11d1498 elementor-widget elementor-widget-text-editor\" data-id=\"11d1498\" data-element_type=\"widget\" data-widget_type=\"text-editor.default\">\n\t\t\t\t<div class=\"elementor-widget-container\">\n\t\t\t\t\t\t\t\t\t<p>Piste de ski de fond en pente<\/p>\t\t\t\t\t\t\t\t<\/div>\n\t\t\t\t<\/div>\n\t\t\t\t<\/div>\n\t\t<div class=\"elementor-element elementor-element-1b1822f e-con-full e-flex e-con e-child\" data-id=\"1b1822f\" data-element_type=\"container\">\n\t\t\t\t<div class=\"elementor-element elementor-element-8244351 elementor-widget elementor-widget-text-editor\" data-id=\"8244351\" data-element_type=\"widget\" data-widget_type=\"text-editor.default\">\n\t\t\t\t<div class=\"elementor-widget-container\">\n\t\t\t\t\t\t\t\t\t<p>27 km, parcours moyen - sportif avec de l\u00e9g\u00e8res mont\u00e9es.<\/p>\t\t\t\t\t\t\t\t<\/div>\n\t\t\t\t<\/div>\n\t\t\t\t<\/div>\n\t\t\t\t<\/div>\n\t\t<div class=\"elementor-element elementor-element-7e14e63 e-con-full e-flex e-con e-child\" data-id=\"7e14e63\" data-element_type=\"container\">\n\t\t<div class=\"elementor-element elementor-element-e4a0c0f e-con-full e-flex e-con e-child\" data-id=\"e4a0c0f\" data-element_type=\"container\">\n\t\t\t\t<div class=\"elementor-element elementor-element-6f4c13e elementor-widget elementor-widget-text-editor\" data-id=\"6f4c13e\" data-element_type=\"widget\" data-widget_type=\"text-editor.default\">\n\t\t\t\t<div class=\"elementor-widget-container\">\n\t\t\t\t\t\t\t\t\t<p>Piste de ski de fond ensoleill\u00e9e<\/p>\t\t\t\t\t\t\t\t<\/div>\n\t\t\t\t<\/div>\n\t\t\t\t<\/div>\n\t\t<div class=\"elementor-element elementor-element-1b1a132 e-con-full e-flex e-con e-child\" data-id=\"1b1a132\" data-element_type=\"container\">\n\t\t\t\t<div class=\"elementor-element elementor-element-0404bce elementor-widget elementor-widget-text-editor\" data-id=\"0404bce\" data-element_type=\"widget\" data-widget_type=\"text-editor.default\">\n\t\t\t\t<div class=\"elementor-widget-container\">\n\t\t\t\t\t\t\t\t\t<p>8,8 km, facile - itin\u00e9raire ensoleill\u00e9 d&rsquo;Oberwald \u00e0 M\u00fcnster.<\/p>\t\t\t\t\t\t\t\t<\/div>\n\t\t\t\t<\/div>\n\t\t\t\t<\/div>\n\t\t\t\t<\/div>\n\t\t<div class=\"elementor-element elementor-element-e96b9a1 e-con-full e-flex e-con e-child\" data-id=\"e96b9a1\" data-element_type=\"container\">\n\t\t<div class=\"elementor-element elementor-element-8527aad e-con-full e-flex e-con e-child\" data-id=\"8527aad\" data-element_type=\"container\">\n\t\t\t\t<div class=\"elementor-element elementor-element-42bd025 elementor-widget elementor-widget-text-editor\" data-id=\"42bd025\" data-element_type=\"widget\" data-widget_type=\"text-editor.default\">\n\t\t\t\t<div class=\"elementor-widget-container\">\n\t\t\t\t\t\t\t\t\t<p>Piste de ski de fond nocturne<\/p>\t\t\t\t\t\t\t\t<\/div>\n\t\t\t\t<\/div>\n\t\t\t\t<\/div>\n\t\t<div class=\"elementor-element elementor-element-c559e80 e-con-full e-flex e-con e-child\" data-id=\"c559e80\" data-element_type=\"container\">\n\t\t\t\t<div class=\"elementor-element elementor-element-469b158 elementor-widget elementor-widget-text-editor\" data-id=\"469b158\" data-element_type=\"widget\" data-widget_type=\"text-editor.default\">\n\t\t\t\t<div class=\"elementor-widget-container\">\n\t\t\t\t\t\t\t\t\t<p>4,5 km, \u00e9clair\u00e9 - entre Ulrichen et Obergesteln.<\/p>\t\t\t\t\t\t\t\t<\/div>\n\t\t\t\t<\/div>\n\t\t\t\t<\/div>\n\t\t\t\t<\/div>\n\t\t<div class=\"elementor-element elementor-element-fddc849 e-con-full e-flex e-con e-child\" data-id=\"fddc849\" data-element_type=\"container\">\n\t\t<div class=\"elementor-element elementor-element-49a137c e-con-full e-flex e-con e-child\" data-id=\"49a137c\" data-element_type=\"container\">\n\t\t\t\t<div class=\"elementor-element elementor-element-1ceaab5 elementor-widget elementor-widget-text-editor\" data-id=\"1ceaab5\" data-element_type=\"widget\" data-widget_type=\"text-editor.default\">\n\t\t\t\t<div class=\"elementor-widget-container\">\n\t\t\t\t\t\t\t\t\t<p>Piste pour chiens<\/p>\t\t\t\t\t\t\t\t<\/div>\n\t\t\t\t<\/div>\n\t\t\t\t<\/div>\n\t\t<div class=\"elementor-element elementor-element-488ae03 e-con-full e-flex e-con e-child\" data-id=\"488ae03\" data-element_type=\"container\">\n\t\t\t\t<div class=\"elementor-element elementor-element-f6babb4 elementor-widget elementor-widget-text-editor\" data-id=\"f6babb4\" data-element_type=\"widget\" data-widget_type=\"text-editor.default\">\n\t\t\t\t<div class=\"elementor-widget-container\">\n\t\t\t\t\t\t\t\t\t<p>4,3 km - pour le ski de fond avec chien entre Oberwald et Obergesteln.<\/p>\t\t\t\t\t\t\t\t<\/div>\n\t\t\t\t<\/div>\n\t\t\t\t<\/div>\n\t\t\t\t<\/div>\n\t\t\t\t<\/div>\n\t\t\t\t<div class=\"elementor-element elementor-element-23af7c8 elementor-widget elementor-widget-text-editor\" data-id=\"23af7c8\" data-element_type=\"widget\" data-widget_type=\"text-editor.default\">\n\t\t\t\t<div class=\"elementor-widget-container\">\n\t\t\t\t\t\t\t\t\t<p>Vous trouverez des informations actualis\u00e9es sur le site officiel de <a href=\"https:\/\/www.goms.ch\/\" target=\"_blank\" rel=\"noopener\">Goms Tourismus.<\/a><\/p>\t\t\t\t\t\t\t\t<\/div>\n\t\t\t\t<\/div>\n\t\t\t\t<\/div>\n\t\t\t\t\t<\/div>\n\t\t\t\t<\/div>\n\t\t<div class=\"elementor-element elementor-element-6273998 e-flex e-con-boxed e-con e-parent\" data-id=\"6273998\" data-element_type=\"container\" data-settings=\"{&quot;background_background&quot;:&quot;classic&quot;}\">\n\t\t\t\t\t<div class=\"e-con-inner\">\n\t\t<div class=\"elementor-element elementor-element-15e5877 e-con-full e-flex e-con e-child\" data-id=\"15e5877\" data-element_type=\"container\">\n\t\t\t\t<div class=\"elementor-element elementor-element-9c7a9f2 elementor-widget__width-initial elementor-widget elementor-widget-heading\" data-id=\"9c7a9f2\" data-element_type=\"widget\" data-widget_type=\"heading.default\">\n\t\t\t\t<div class=\"elementor-widget-container\">\n\t\t\t\t\t<h2 class=\"elementor-heading-title elementor-size-default\">Centre nordique de Conches<\/h2>\t\t\t\t<\/div>\n\t\t\t\t<\/div>\n\t\t\t\t<div class=\"elementor-element elementor-element-3d9ee16 elementor-widget elementor-widget-text-editor\" data-id=\"3d9ee16\" data-element_type=\"widget\" data-widget_type=\"text-editor.default\">\n\t\t\t\t<div class=\"elementor-widget-container\">\n\t\t\t\t\t\t\t\t\t<p>Le centre nordique de Conches \u00e0 Geschinen est le c\u0153ur de la r\u00e9gion de ski de fond. Il offre : <\/p>\t\t\t\t\t\t\t\t<\/div>\n\t\t\t\t<\/div>\n\t\t\t\t<div class=\"elementor-element elementor-element-a8df387 elementor-icon-list--layout-traditional elementor-list-item-link-full_width elementor-widget elementor-widget-icon-list\" data-id=\"a8df387\" data-element_type=\"widget\" data-widget_type=\"icon-list.default\">\n\t\t\t\t<div class=\"elementor-widget-container\">\n\t\t\t\t\t\t\t<ul class=\"elementor-icon-list-items\">\n\t\t\t\t\t\t\t<li class=\"elementor-icon-list-item\">\n\t\t\t\t\t\t\t\t\t\t\t<span class=\"elementor-icon-list-icon\">\n\t\t\t\t\t\t\t<svg xmlns=\"http:\/\/www.w3.org\/2000\/svg\" xmlns:xlink=\"http:\/\/www.w3.org\/1999\/xlink\" id=\"icon\" x=\"0px\" y=\"0px\" width=\"32px\" height=\"32px\" viewBox=\"0 0 32 32\" style=\"enable-background:new 0 0 32 32;\" xml:space=\"preserve\"><style type=\"text\/css\">\t.st0{fill:none;}<\/style><polygon points=\"17,15 17,8 15,8 15,15 8,15 8,17 15,17 15,24 17,24 17,17 24,17 24,15 \"><\/polygon><rect class=\"st0\" width=\"32\" height=\"32\"><\/rect><\/svg>\t\t\t\t\t\t<\/span>\n\t\t\t\t\t\t\t\t\t\t<span class=\"elementor-icon-list-text\">Une piste de course FIS homologu\u00e9e de 4,1 km.<\/span>\n\t\t\t\t\t\t\t\t\t<\/li>\n\t\t\t\t\t\t\t\t<li class=\"elementor-icon-list-item\">\n\t\t\t\t\t\t\t\t\t\t\t<span class=\"elementor-icon-list-icon\">\n\t\t\t\t\t\t\t<svg xmlns=\"http:\/\/www.w3.org\/2000\/svg\" xmlns:xlink=\"http:\/\/www.w3.org\/1999\/xlink\" id=\"icon\" x=\"0px\" y=\"0px\" width=\"32px\" height=\"32px\" viewBox=\"0 0 32 32\" style=\"enable-background:new 0 0 32 32;\" xml:space=\"preserve\"><style type=\"text\/css\">\t.st0{fill:none;}<\/style><polygon points=\"17,15 17,8 15,8 15,15 8,15 8,17 15,17 15,24 17,24 17,17 24,17 24,15 \"><\/polygon><rect class=\"st0\" width=\"32\" height=\"32\"><\/rect><\/svg>\t\t\t\t\t\t<\/span>\n\t\t\t\t\t\t\t\t\t\t<span class=\"elementor-icon-list-text\">Une installation moderne de biathlon avec 30 cibles.<\/span>\n\t\t\t\t\t\t\t\t\t<\/li>\n\t\t\t\t\t\t\t\t<li class=\"elementor-icon-list-item\">\n\t\t\t\t\t\t\t\t\t\t\t<span class=\"elementor-icon-list-icon\">\n\t\t\t\t\t\t\t<svg xmlns=\"http:\/\/www.w3.org\/2000\/svg\" xmlns:xlink=\"http:\/\/www.w3.org\/1999\/xlink\" id=\"icon\" x=\"0px\" y=\"0px\" width=\"32px\" height=\"32px\" viewBox=\"0 0 32 32\" style=\"enable-background:new 0 0 32 32;\" xml:space=\"preserve\"><style type=\"text\/css\">\t.st0{fill:none;}<\/style><polygon points=\"17,15 17,8 15,8 15,15 8,15 8,17 15,17 15,24 17,24 17,17 24,17 24,15 \"><\/polygon><rect class=\"st0\" width=\"32\" height=\"32\"><\/rect><\/svg>\t\t\t\t\t\t<\/span>\n\t\t\t\t\t\t\t\t\t\t<span class=\"elementor-icon-list-text\">Une piste de ski \u00e0 roulettes de 3 km avec 12 itin\u00e9raires diff\u00e9rents.<\/span>\n\t\t\t\t\t\t\t\t\t<\/li>\n\t\t\t\t\t\t\t\t<li class=\"elementor-icon-list-item\">\n\t\t\t\t\t\t\t\t\t\t\t<span class=\"elementor-icon-list-icon\">\n\t\t\t\t\t\t\t<svg xmlns=\"http:\/\/www.w3.org\/2000\/svg\" xmlns:xlink=\"http:\/\/www.w3.org\/1999\/xlink\" id=\"icon\" x=\"0px\" y=\"0px\" width=\"32px\" height=\"32px\" viewBox=\"0 0 32 32\" style=\"enable-background:new 0 0 32 32;\" xml:space=\"preserve\"><style type=\"text\/css\">\t.st0{fill:none;}<\/style><polygon points=\"17,15 17,8 15,8 15,15 8,15 8,17 15,17 15,24 17,24 17,17 24,17 24,15 \"><\/polygon><rect class=\"st0\" width=\"32\" height=\"32\"><\/rect><\/svg>\t\t\t\t\t\t<\/span>\n\t\t\t\t\t\t\t\t\t\t<span class=\"elementor-icon-list-text\">B\u00e2timent de service avec boxes de fartage, douches, vestiaires et toilettes.<\/span>\n\t\t\t\t\t\t\t\t\t<\/li>\n\t\t\t\t\t\t\t\t<li class=\"elementor-icon-list-item\">\n\t\t\t\t\t\t\t\t\t\t\t<span class=\"elementor-icon-list-icon\">\n\t\t\t\t\t\t\t<svg xmlns=\"http:\/\/www.w3.org\/2000\/svg\" xmlns:xlink=\"http:\/\/www.w3.org\/1999\/xlink\" id=\"icon\" x=\"0px\" y=\"0px\" width=\"32px\" height=\"32px\" viewBox=\"0 0 32 32\" style=\"enable-background:new 0 0 32 32;\" xml:space=\"preserve\"><style type=\"text\/css\">\t.st0{fill:none;}<\/style><polygon points=\"17,15 17,8 15,8 15,15 8,15 8,17 15,17 15,24 17,24 17,17 24,17 24,15 \"><\/polygon><rect class=\"st0\" width=\"32\" height=\"32\"><\/rect><\/svg>\t\t\t\t\t\t<\/span>\n\t\t\t\t\t\t\t\t\t\t<span class=\"elementor-icon-list-text\">Un bistrot et des salles multifonctionnelles pour les \u00e9v\u00e9nements.<\/span>\n\t\t\t\t\t\t\t\t\t<\/li>\n\t\t\t\t\t\t\t\t<li class=\"elementor-icon-list-item\">\n\t\t\t\t\t\t\t\t\t\t\t<span class=\"elementor-icon-list-icon\">\n\t\t\t\t\t\t\t<svg xmlns=\"http:\/\/www.w3.org\/2000\/svg\" xmlns:xlink=\"http:\/\/www.w3.org\/1999\/xlink\" id=\"icon\" x=\"0px\" y=\"0px\" width=\"32px\" height=\"32px\" viewBox=\"0 0 32 32\" style=\"enable-background:new 0 0 32 32;\" xml:space=\"preserve\"><style type=\"text\/css\">\t.st0{fill:none;}<\/style><polygon points=\"17,15 17,8 15,8 15,15 8,15 8,17 15,17 15,24 17,24 17,17 24,17 24,15 \"><\/polygon><rect class=\"st0\" width=\"32\" height=\"32\"><\/rect><\/svg>\t\t\t\t\t\t<\/span>\n\t\t\t\t\t\t\t\t\t\t<span class=\"elementor-icon-list-text\">Accessibilit\u00e9 \/ Arr\u00eat : Gare d'Ulrichen<\/span>\n\t\t\t\t\t\t\t\t\t<\/li>\n\t\t\t\t\t\t<\/ul>\n\t\t\t\t\t\t<\/div>\n\t\t\t\t<\/div>\n\t\t\t\t<div class=\"elementor-element elementor-element-521267c elementor-widget elementor-widget-text-editor\" data-id=\"521267c\" data-element_type=\"widget\" data-widget_type=\"text-editor.default\">\n\t\t\t\t<div class=\"elementor-widget-container\">\n\t\t\t\t\t\t\t\t\t<p>Le centre est accessible toute l\u2019ann\u00e9e et propose des conditions d\u2019entra\u00eenement et de comp\u00e9tition optimales pour les sportifs de loisir et de comp\u00e9tition. Vous trouverez plus d&rsquo;informations et d&rsquo;offres sur le site officiel du <a href=\"https:\/\/www.nordischeszentrum-goms.ch\/\" target=\"_blank\" rel=\"noopener\">centre nordique de Conches.<\/a><\/p>\t\t\t\t\t\t\t\t<\/div>\n\t\t\t\t<\/div>\n\t\t\t\t<\/div>\n\t\t<div class=\"elementor-element elementor-element-b3e18ff e-con-full e-flex e-con e-child\" data-id=\"b3e18ff\" data-element_type=\"container\">\n\t\t\t\t<div class=\"elementor-element elementor-element-1900eb9 elementor-widget elementor-widget-image\" data-id=\"1900eb9\" data-element_type=\"widget\" data-widget_type=\"image.default\">\n\t\t\t\t<div class=\"elementor-widget-container\">\n\t\t\t\t\t\t\t\t\t\t\t\t\t\t\t<img decoding=\"async\" src=\"https:\/\/www.hallenbarter-nordic.ch\/wp-content\/uploads\/elementor\/thumbs\/Hallenbarter-nordisches-zentrum-goms1-rcuhvbc1hzow2ec0wii0mqq7ocz2mtgsdeauf371qc.jpg\" title=\"Hallenbarter-nordisches-zentrum-goms1\" alt=\"Hallenbarter-nordisches-zentrum-goms1\" loading=\"lazy\" \/>\t\t\t\t\t\t\t\t\t\t\t\t\t\t\t<\/div>\n\t\t\t\t<\/div>\n\t\t\t\t<\/div>\n\t\t\t\t\t<\/div>\n\t\t\t\t<\/div>\n\t\t<div class=\"elementor-element elementor-element-713ea77 e-flex e-con-boxed e-con e-parent\" data-id=\"713ea77\" data-element_type=\"container\" data-settings=\"{&quot;background_background&quot;:&quot;classic&quot;}\">\n\t\t\t\t\t<div class=\"e-con-inner\">\n\t\t<div class=\"elementor-element elementor-element-2759e06 e-con-full e-flex e-con e-child\" data-id=\"2759e06\" data-element_type=\"container\">\n\t\t\t\t<div class=\"elementor-element elementor-element-0ab4e6c elementor-widget elementor-widget-image\" data-id=\"0ab4e6c\" data-element_type=\"widget\" data-widget_type=\"image.default\">\n\t\t\t\t<div class=\"elementor-widget-container\">\n\t\t\t\t\t\t\t\t\t\t\t\t\t\t\t<img decoding=\"async\" src=\"https:\/\/www.hallenbarter-nordic.ch\/wp-content\/uploads\/elementor\/thumbs\/hallenbarter-sport-shop-anreise-zugang-rcuhvbc1hzow2ec0wii0mqq7ocz2mtgsdeauf371qc.jpg\" title=\"hallenbarter-sport-shop-anreise-zugang\" alt=\"hallenbarter-sport-shop-anreise-zugang\" loading=\"lazy\" \/>\t\t\t\t\t\t\t\t\t\t\t\t\t\t\t<\/div>\n\t\t\t\t<\/div>\n\t\t\t\t<\/div>\n\t\t<div class=\"elementor-element elementor-element-40b787b e-con-full e-flex e-con e-child\" data-id=\"40b787b\" data-element_type=\"container\">\n\t\t\t\t<div class=\"elementor-element elementor-element-845c141 elementor-widget__width-initial elementor-widget elementor-widget-heading\" data-id=\"845c141\" data-element_type=\"widget\" data-widget_type=\"heading.default\">\n\t\t\t\t<div class=\"elementor-widget-container\">\n\t\t\t\t\t<h2 class=\"elementor-heading-title elementor-size-default\">Acc\u00e8s et contact<\/h2>\t\t\t\t<\/div>\n\t\t\t\t<\/div>\n\t\t\t\t<div class=\"elementor-element elementor-element-053be18 elementor-widget elementor-widget-text-editor\" data-id=\"053be18\" data-element_type=\"widget\" data-widget_type=\"text-editor.default\">\n\t\t\t\t<div class=\"elementor-widget-container\">\n\t\t\t\t\t\t\t\t\t<p>La vall\u00e9e de Conches est facilement accessible avec le <a href=\"https:\/\/www.matterhorngotthardbahn.ch\/\" target=\"_blank\" rel=\"noopener\">Matterhorn Gotthard Bahn<\/a>. Les pistes de ski de fond sont facilement accessibles depuis les gares. <\/p>\t\t\t\t\t\t\t\t<\/div>\n\t\t\t\t<\/div>\n\t\t\t\t<div class=\"elementor-element elementor-element-1ed577a elementor-widget elementor-widget-text-editor\" data-id=\"1ed577a\" data-element_type=\"widget\" data-widget_type=\"text-editor.default\">\n\t\t\t\t<div class=\"elementor-widget-container\">\n\t\t\t\t\t\t\t\t\t<p><b>Contact Centre nordique de Conches :<\/b><\/p><p>Hintermattstrasse 6, 3985 Geschinen<br>T\u00e9l : +41 27 974 12 22<br>E-mail : kontakt@nordischeszentrum-goms.ch<\/p>\t\t\t\t\t\t\t\t<\/div>\n\t\t\t\t<\/div>\n\t\t\t\t<div class=\"elementor-element elementor-element-ca988c7 elementor-widget elementor-widget-text-editor\" data-id=\"ca988c7\" data-element_type=\"widget\" data-widget_type=\"text-editor.default\">\n\t\t\t\t<div class=\"elementor-widget-container\">\n\t\t\t\t\t\t\t\t\t<p><b>Contact Obergoms Tourismus AG :<\/b><\/p><p>Furkastrasse 617, 3985 M\u00fcnster<br>T\u00e9l : +41 27 974 68 68<br>E-mail : tourismus@goms.ch<\/p>\t\t\t\t\t\t\t\t<\/div>\n\t\t\t\t<\/div>\n\t\t\t\t<\/div>\n\t\t\t\t\t<\/div>\n\t\t\t\t<\/div>\n\t\t\t\t<\/div>\n\t\t","protected":false},"excerpt":{"rendered":"<p>Piste de ski de fond Goms &amp; Centre nordique Goms Le paradis du ski de fond au c\u0153ur du Valais La vall\u00e9e de Conches compte parmi les r\u00e9gions de ski de fond les plus r\u00e9put\u00e9es de Suisse. Avec un enneigement garanti entre 1&rsquo;250 et 1&rsquo;400 m d&rsquo;altitude, la haute vall\u00e9e offre des conditions id\u00e9ales pour [&hellip;]<\/p>\n","protected":false},"author":1,"featured_media":0,"parent":2697,"menu_order":0,"comment_status":"closed","ping_status":"closed","template":"","meta":{"_acf_changed":false,"inline_featured_image":false,"footnotes":""},"class_list":["post-2598","page","type-page","status-publish","hentry"],"acf":[],"_links":{"self":[{"href":"https:\/\/www.hallenbarter-nordic.ch\/fr\/wp-json\/wp\/v2\/pages\/2598","targetHints":{"allow":["GET"]}}],"collection":[{"href":"https:\/\/www.hallenbarter-nordic.ch\/fr\/wp-json\/wp\/v2\/pages"}],"about":[{"href":"https:\/\/www.hallenbarter-nordic.ch\/fr\/wp-json\/wp\/v2\/types\/page"}],"author":[{"embeddable":true,"href":"https:\/\/www.hallenbarter-nordic.ch\/fr\/wp-json\/wp\/v2\/users\/1"}],"replies":[{"embeddable":true,"href":"https:\/\/www.hallenbarter-nordic.ch\/fr\/wp-json\/wp\/v2\/comments?post=2598"}],"version-history":[{"count":3,"href":"https:\/\/www.hallenbarter-nordic.ch\/fr\/wp-json\/wp\/v2\/pages\/2598\/revisions"}],"predecessor-version":[{"id":2983,"href":"https:\/\/www.hallenbarter-nordic.ch\/fr\/wp-json\/wp\/v2\/pages\/2598\/revisions\/2983"}],"up":[{"embeddable":true,"href":"https:\/\/www.hallenbarter-nordic.ch\/fr\/wp-json\/wp\/v2\/pages\/2697"}],"wp:attachment":[{"href":"https:\/\/www.hallenbarter-nordic.ch\/fr\/wp-json\/wp\/v2\/media?parent=2598"}],"curies":[{"name":"wp","href":"https:\/\/api.w.org\/{rel}","templated":true}]}}