{"id":2594,"date":"2025-07-11T15:22:48","date_gmt":"2025-07-11T13:22:48","guid":{"rendered":"https:\/\/dev.sem-webagentur.de\/hallenbarter\/biathlon\/"},"modified":"2025-09-11T15:38:26","modified_gmt":"2025-09-11T13:38:26","slug":"biathlon","status":"publish","type":"page","link":"https:\/\/www.hallenbarter-nordic.ch\/fr\/ecole-de-ski-de-fond\/biathlon\/","title":{"rendered":"Biathlon"},"content":{"rendered":"\t\t<div data-elementor-type=\"wp-page\" data-elementor-id=\"2594\" class=\"elementor elementor-2594 elementor-1030\" data-elementor-post-type=\"page\">\n\t\t\t\t<div class=\"elementor-element elementor-element-9142a26 e-con-full animated-slow e-flex elementor-invisible e-con e-parent\" data-id=\"9142a26\" data-element_type=\"container\" data-settings=\"{&quot;animation&quot;:&quot;fadeIn&quot;}\">\n\t\t\t\t<div class=\"elementor-element elementor-element-fdf6fa1 elementor-absolute elementor-widget__width-auto elementor-widget elementor-widget-text-path\" data-id=\"fdf6fa1\" data-element_type=\"widget\" data-settings=\"{&quot;text&quot;:&quot;Ski de fond -- Passion -- Mode de vie --&quot;,&quot;_position&quot;:&quot;absolute&quot;,&quot;align&quot;:&quot;left&quot;,&quot;motion_fx_motion_fx_scrolling&quot;:&quot;yes&quot;,&quot;motion_fx_rotateZ_effect&quot;:&quot;yes&quot;,&quot;link&quot;:{&quot;url&quot;:&quot;&quot;,&quot;is_external&quot;:&quot;&quot;,&quot;nofollow&quot;:&quot;&quot;,&quot;custom_attributes&quot;:&quot;&quot;},&quot;start_point&quot;:{&quot;unit&quot;:&quot;%&quot;,&quot;size&quot;:0,&quot;sizes&quot;:[]},&quot;motion_fx_rotateZ_speed&quot;:{&quot;unit&quot;:&quot;px&quot;,&quot;size&quot;:1,&quot;sizes&quot;:[]},&quot;motion_fx_rotateZ_affectedRange&quot;:{&quot;unit&quot;:&quot;%&quot;,&quot;size&quot;:&quot;&quot;,&quot;sizes&quot;:{&quot;start&quot;:0,&quot;end&quot;:100}},&quot;motion_fx_devices&quot;:[&quot;desktop&quot;,&quot;laptop&quot;,&quot;tablet_extra&quot;,&quot;tablet&quot;,&quot;mobile_extra&quot;,&quot;mobile&quot;]}\" data-widget_type=\"text-path.default\">\n\t\t\t\t<div class=\"elementor-widget-container\">\n\t\t\t\t\t\t\t<div class=\"e-text-path\" data-text=\"Ski de fond -- Passion -- Mode de vie --\" data-url=\"\/\/www.hallenbarter-nordic.ch\/wp-content\/plugins\/elementor\/assets\/svg-paths\/circle.svg\" data-link-url=\"\"><\/div>\n\t\t\t\t\t\t<\/div>\n\t\t\t\t<\/div>\n\t\t<div class=\"elementor-element elementor-element-2ef0649 e-con-full e-flex e-con e-child\" data-id=\"2ef0649\" data-element_type=\"container\">\n\t\t<div class=\"elementor-element elementor-element-6db472c e-con-full e-flex e-con e-child\" data-id=\"6db472c\" data-element_type=\"container\">\n\t\t\t\t<div class=\"elementor-element elementor-element-2dfb7e1 elementor-widget elementor-widget-heading\" data-id=\"2dfb7e1\" data-element_type=\"widget\" data-widget_type=\"heading.default\">\n\t\t\t\t<div class=\"elementor-widget-container\">\n\t\t\t\t\t<h1 class=\"elementor-heading-title elementor-size-default\">Biathlon avec Benjamin Weger<\/h1>\t\t\t\t<\/div>\n\t\t\t\t<\/div>\n\t\t\t\t<div class=\"elementor-element elementor-element-c29c99d elementor-widget__width-initial elementor-widget elementor-widget-heading\" data-id=\"c29c99d\" data-element_type=\"widget\" data-widget_type=\"heading.default\">\n\t\t\t\t<div class=\"elementor-widget-container\">\n\t\t\t\t\t<h2 class=\"elementor-heading-title elementor-size-default\">\u00catre biathl\u00e8te un jour.<\/h2>\t\t\t\t<\/div>\n\t\t\t\t<\/div>\n\t\t\t\t<div class=\"elementor-element elementor-element-fd453e9 elementor-widget__width-initial elementor-widget elementor-widget-text-editor\" data-id=\"fd453e9\" data-element_type=\"widget\" data-widget_type=\"text-editor.default\">\n\t\t\t\t<div class=\"elementor-widget-container\">\n\t\t\t\t\t\t\t\t\t<p>Plongez dans le monde fascinant du biathlon. Avec Benjamin Weger, un biathl\u00e8te chevronn\u00e9 avec 20 ans d\u2019exp\u00e9rience au plus haut niveau, vous explorerez de premi\u00e8re main l\u2019alliance du ski de fond et du tir. <\/p>\t\t\t\t\t\t\t\t<\/div>\n\t\t\t\t<\/div>\n\t\t<div class=\"elementor-element elementor-element-063d919 e-con-full e-flex e-con e-child\" data-id=\"063d919\" data-element_type=\"container\">\n\t\t\t\t<div class=\"elementor-element elementor-element-2a37ad0 elementor-widget__width-auto mybtn elementor-widget elementor-widget-button\" data-id=\"2a37ad0\" data-element_type=\"widget\" data-widget_type=\"button.default\">\n\t\t\t\t<div class=\"elementor-widget-container\">\n\t\t\t\t\t\t\t\t\t<div class=\"elementor-button-wrapper\">\n\t\t\t\t\t<a class=\"elementor-button elementor-button-link elementor-size-sm\" href=\"mailto:info@hallenbarter-nordic.ch\">\n\t\t\t\t\t\t<span class=\"elementor-button-content-wrapper\">\n\t\t\t\t\t\t\t\t\t<span class=\"elementor-button-text\">Demander un cours de biathlon maintenant<\/span>\n\t\t\t\t\t<\/span>\n\t\t\t\t\t<\/a>\n\t\t\t\t<\/div>\n\t\t\t\t\t\t\t\t<\/div>\n\t\t\t\t<\/div>\n\t\t\t\t<\/div>\n\t\t\t\t<\/div>\n\t\t\t\t<\/div>\n\t\t<div class=\"elementor-element elementor-element-43823f9 e-con-full e-flex e-con e-child\" data-id=\"43823f9\" data-element_type=\"container\" data-settings=\"{&quot;background_background&quot;:&quot;classic&quot;}\">\n\t\t\t\t<\/div>\n\t\t\t\t<\/div>\n\t\t<div class=\"elementor-element elementor-element-273d57f e-flex e-con-boxed e-con e-parent\" data-id=\"273d57f\" data-element_type=\"container\" data-settings=\"{&quot;background_background&quot;:&quot;classic&quot;}\">\n\t\t\t\t\t<div class=\"e-con-inner\">\n\t\t<div class=\"elementor-element elementor-element-6e953d2 e-con-full e-flex e-con e-child\" data-id=\"6e953d2\" data-element_type=\"container\">\n\t\t\t\t<div class=\"elementor-element elementor-element-64d0ec5 elementor-widget elementor-widget-image\" data-id=\"64d0ec5\" data-element_type=\"widget\" data-widget_type=\"image.default\">\n\t\t\t\t<div class=\"elementor-widget-container\">\n\t\t\t\t\t\t\t\t\t\t\t\t\t\t\t<img decoding=\"async\" src=\"https:\/\/www.hallenbarter-nordic.ch\/wp-content\/uploads\/elementor\/thumbs\/hallenbarter-sport-shop-biathlon-schiessen-rcuhvbc1hzow2ec0wii0mqq7ocz2mtgsdeauf371qc.jpg\" title=\"hallenbarter-sport-shop-biathlon-schiessen\" alt=\"hallenbarter-sport-shop-biathlon-schiessen\" loading=\"lazy\" \/>\t\t\t\t\t\t\t\t\t\t\t\t\t\t\t<\/div>\n\t\t\t\t<\/div>\n\t\t\t\t<\/div>\n\t\t<div class=\"elementor-element elementor-element-2010c05 e-con-full e-flex e-con e-child\" data-id=\"2010c05\" data-element_type=\"container\">\n\t\t\t\t<div class=\"elementor-element elementor-element-903b79a elementor-widget__width-initial elementor-widget elementor-widget-heading\" data-id=\"903b79a\" data-element_type=\"widget\" data-widget_type=\"heading.default\">\n\t\t\t\t<div class=\"elementor-widget-container\">\n\t\t\t\t\t<h2 class=\"elementor-heading-title elementor-size-default\">Description du cours<\/h2>\t\t\t\t<\/div>\n\t\t\t\t<\/div>\n\t\t\t\t<div class=\"elementor-element elementor-element-b5241e0 elementor-widget elementor-widget-text-editor\" data-id=\"b5241e0\" data-element_type=\"widget\" data-widget_type=\"text-editor.default\">\n\t\t\t\t<div class=\"elementor-widget-container\">\n\t\t\t\t\t\t\t\t\t<p>Notre offre de biathlon s&rsquo;adresse \u00e0 des groupes de 4 \u00e0 12 personnes qui souhaitent s&rsquo;essayer au tir au biathlon sous la direction de professionnels. Sur demande, l&rsquo;exp\u00e9rience peut \u00eatre combin\u00e9e avec des cours de ski de fond. <\/p>\t\t\t\t\t\t\t\t<\/div>\n\t\t\t\t<\/div>\n\t\t<div class=\"elementor-element elementor-element-720e13d e-con-full e-flex e-con e-child\" data-id=\"720e13d\" data-element_type=\"container\">\n\t\t<div class=\"elementor-element elementor-element-8f34308 e-con-full e-flex e-con e-child\" data-id=\"8f34308\" data-element_type=\"container\">\n\t\t<div class=\"elementor-element elementor-element-ac26a65 e-con-full e-flex e-con e-child\" data-id=\"ac26a65\" data-element_type=\"container\">\n\t\t\t\t<div class=\"elementor-element elementor-element-75ee974 elementor-widget elementor-widget-text-editor\" data-id=\"75ee974\" data-element_type=\"widget\" data-widget_type=\"text-editor.default\">\n\t\t\t\t<div class=\"elementor-widget-container\">\n\t\t\t\t\t\t\t\t\t<p>Dur\u00e9e<\/p>\t\t\t\t\t\t\t\t<\/div>\n\t\t\t\t<\/div>\n\t\t\t\t<\/div>\n\t\t<div class=\"elementor-element elementor-element-d577422 e-con-full e-flex e-con e-child\" data-id=\"d577422\" data-element_type=\"container\">\n\t\t\t\t<div class=\"elementor-element elementor-element-23aaf09 elementor-widget elementor-widget-text-editor\" data-id=\"23aaf09\" data-element_type=\"widget\" data-widget_type=\"text-editor.default\">\n\t\t\t\t<div class=\"elementor-widget-container\">\n\t\t\t\t\t\t\t\t\t<p>55 minutes par le\u00e7on<\/p>\t\t\t\t\t\t\t\t<\/div>\n\t\t\t\t<\/div>\n\t\t\t\t<\/div>\n\t\t\t\t<\/div>\n\t\t<div class=\"elementor-element elementor-element-a09e604 e-con-full e-flex e-con e-child\" data-id=\"a09e604\" data-element_type=\"container\">\n\t\t<div class=\"elementor-element elementor-element-75bc6d2 e-con-full e-flex e-con e-child\" data-id=\"75bc6d2\" data-element_type=\"container\">\n\t\t\t\t<div class=\"elementor-element elementor-element-11d1498 elementor-widget elementor-widget-text-editor\" data-id=\"11d1498\" data-element_type=\"widget\" data-widget_type=\"text-editor.default\">\n\t\t\t\t<div class=\"elementor-widget-container\">\n\t\t\t\t\t\t\t\t\t<p>Co\u00fbts<\/p>\t\t\t\t\t\t\t\t<\/div>\n\t\t\t\t<\/div>\n\t\t\t\t<\/div>\n\t\t<div class=\"elementor-element elementor-element-1b1822f e-con-full e-flex e-con e-child\" data-id=\"1b1822f\" data-element_type=\"container\">\n\t\t\t\t<div class=\"elementor-element elementor-element-8244351 elementor-widget elementor-widget-text-editor\" data-id=\"8244351\" data-element_type=\"widget\" data-widget_type=\"text-editor.default\">\n\t\t\t\t<div class=\"elementor-widget-container\">\n\t\t\t\t\t\t\t\t\t<p>360 CHF pour 4 personnes \/ le\u00e7on <br>(80 CHF par personne suppl\u00e9mentaire)<\/p>\t\t\t\t\t\t\t\t<\/div>\n\t\t\t\t<\/div>\n\t\t\t\t<\/div>\n\t\t\t\t<\/div>\n\t\t<div class=\"elementor-element elementor-element-7e14e63 e-con-full e-flex e-con e-child\" data-id=\"7e14e63\" data-element_type=\"container\">\n\t\t<div class=\"elementor-element elementor-element-e4a0c0f e-con-full e-flex e-con e-child\" data-id=\"e4a0c0f\" data-element_type=\"container\">\n\t\t\t\t<div class=\"elementor-element elementor-element-6f4c13e elementor-widget elementor-widget-text-editor\" data-id=\"6f4c13e\" data-element_type=\"widget\" data-widget_type=\"text-editor.default\">\n\t\t\t\t<div class=\"elementor-widget-container\">\n\t\t\t\t\t\t\t\t\t<p>Nombre de participants<\/p>\t\t\t\t\t\t\t\t<\/div>\n\t\t\t\t<\/div>\n\t\t\t\t<\/div>\n\t\t<div class=\"elementor-element elementor-element-1b1a132 e-con-full e-flex e-con e-child\" data-id=\"1b1a132\" data-element_type=\"container\">\n\t\t\t\t<div class=\"elementor-element elementor-element-0404bce elementor-widget elementor-widget-text-editor\" data-id=\"0404bce\" data-element_type=\"widget\" data-widget_type=\"text-editor.default\">\n\t\t\t\t<div class=\"elementor-widget-container\">\n\t\t\t\t\t\t\t\t\t<p>\u00e0 partir de 4 - 12 personnes<\/p>\t\t\t\t\t\t\t\t<\/div>\n\t\t\t\t<\/div>\n\t\t\t\t<\/div>\n\t\t\t\t<\/div>\n\t\t<div class=\"elementor-element elementor-element-e96b9a1 e-con-full e-flex e-con e-child\" data-id=\"e96b9a1\" data-element_type=\"container\">\n\t\t<div class=\"elementor-element elementor-element-8527aad e-con-full e-flex e-con e-child\" data-id=\"8527aad\" data-element_type=\"container\">\n\t\t\t\t<div class=\"elementor-element elementor-element-42bd025 elementor-widget elementor-widget-text-editor\" data-id=\"42bd025\" data-element_type=\"widget\" data-widget_type=\"text-editor.default\">\n\t\t\t\t<div class=\"elementor-widget-container\">\n\t\t\t\t\t\t\t\t\t<p>Technique<\/p>\t\t\t\t\t\t\t\t<\/div>\n\t\t\t\t<\/div>\n\t\t\t\t<\/div>\n\t\t<div class=\"elementor-element elementor-element-c559e80 e-con-full e-flex e-con e-child\" data-id=\"c559e80\" data-element_type=\"container\">\n\t\t\t\t<div class=\"elementor-element elementor-element-469b158 elementor-widget elementor-widget-text-editor\" data-id=\"469b158\" data-element_type=\"widget\" data-widget_type=\"text-editor.default\">\n\t\t\t\t<div class=\"elementor-widget-container\">\n\t\t\t\t\t\t\t\t\t<p>Biathlon<\/p>\t\t\t\t\t\t\t\t<\/div>\n\t\t\t\t<\/div>\n\t\t\t\t<\/div>\n\t\t\t\t<\/div>\n\t\t<div class=\"elementor-element elementor-element-fddc849 e-con-full e-flex e-con e-child\" data-id=\"fddc849\" data-element_type=\"container\">\n\t\t<div class=\"elementor-element elementor-element-49a137c e-con-full e-flex e-con e-child\" data-id=\"49a137c\" data-element_type=\"container\">\n\t\t\t\t<div class=\"elementor-element elementor-element-1ceaab5 elementor-widget elementor-widget-text-editor\" data-id=\"1ceaab5\" data-element_type=\"widget\" data-widget_type=\"text-editor.default\">\n\t\t\t\t<div class=\"elementor-widget-container\">\n\t\t\t\t\t\t\t\t\t<p>Rendez-vous<\/p>\t\t\t\t\t\t\t\t<\/div>\n\t\t\t\t<\/div>\n\t\t\t\t<\/div>\n\t\t<div class=\"elementor-element elementor-element-488ae03 e-con-full e-flex e-con e-child\" data-id=\"488ae03\" data-element_type=\"container\">\n\t\t\t\t<div class=\"elementor-element elementor-element-f6babb4 elementor-widget elementor-widget-text-editor\" data-id=\"f6babb4\" data-element_type=\"widget\" data-widget_type=\"text-editor.default\">\n\t\t\t\t<div class=\"elementor-widget-container\">\n\t\t\t\t\t\t\t\t\t<p>Tous les jours sur demande<\/p>\t\t\t\t\t\t\t\t<\/div>\n\t\t\t\t<\/div>\n\t\t\t\t<\/div>\n\t\t\t\t<\/div>\n\t\t<div class=\"elementor-element elementor-element-f19cc21 e-con-full e-flex e-con e-child\" data-id=\"f19cc21\" data-element_type=\"container\">\n\t\t<div class=\"elementor-element elementor-element-50aeaeb e-con-full e-flex e-con e-child\" data-id=\"50aeaeb\" data-element_type=\"container\">\n\t\t\t\t<div class=\"elementor-element elementor-element-9faf487 elementor-widget elementor-widget-text-editor\" data-id=\"9faf487\" data-element_type=\"widget\" data-widget_type=\"text-editor.default\">\n\t\t\t\t<div class=\"elementor-widget-container\">\n\t\t\t\t\t\t\t\t\t<p>Y compris<\/p>\t\t\t\t\t\t\t\t<\/div>\n\t\t\t\t<\/div>\n\t\t\t\t<\/div>\n\t\t<div class=\"elementor-element elementor-element-1458c9b e-con-full e-flex e-con e-child\" data-id=\"1458c9b\" data-element_type=\"container\">\n\t\t\t\t<div class=\"elementor-element elementor-element-e3922cd elementor-widget elementor-widget-text-editor\" data-id=\"e3922cd\" data-element_type=\"widget\" data-widget_type=\"text-editor.default\">\n\t\t\t\t<div class=\"elementor-widget-container\">\n\t\t\t\t\t\t\t\t\t<p>\u00c9quipement fourni<\/p>\t\t\t\t\t\t\t\t<\/div>\n\t\t\t\t<\/div>\n\t\t\t\t<\/div>\n\t\t\t\t<\/div>\n\t\t<div class=\"elementor-element elementor-element-07a7e7c e-con-full e-flex e-con e-child\" data-id=\"07a7e7c\" data-element_type=\"container\">\n\t\t<div class=\"elementor-element elementor-element-5dc80a3 e-con-full e-flex e-con e-child\" data-id=\"5dc80a3\" data-element_type=\"container\">\n\t\t\t\t<div class=\"elementor-element elementor-element-4f09782 elementor-widget elementor-widget-text-editor\" data-id=\"4f09782\" data-element_type=\"widget\" data-widget_type=\"text-editor.default\">\n\t\t\t\t<div class=\"elementor-widget-container\">\n\t\t\t\t\t\t\t\t\t<p>Combinaison avec des cours de ski de fond :<\/p>\t\t\t\t\t\t\t\t<\/div>\n\t\t\t\t<\/div>\n\t\t\t\t<\/div>\n\t\t<div class=\"elementor-element elementor-element-5da9f29 e-con-full e-flex e-con e-child\" data-id=\"5da9f29\" data-element_type=\"container\">\n\t\t\t\t<div class=\"elementor-element elementor-element-27ab706 elementor-widget elementor-widget-text-editor\" data-id=\"27ab706\" data-element_type=\"widget\" data-widget_type=\"text-editor.default\">\n\t\t\t\t<div class=\"elementor-widget-container\">\n\t\t\t\t\t\t\t\t\t<p>Possible sur demande<\/p>\t\t\t\t\t\t\t\t<\/div>\n\t\t\t\t<\/div>\n\t\t\t\t<\/div>\n\t\t\t\t<\/div>\n\t\t\t\t<\/div>\n\t\t\t\t<div class=\"elementor-element elementor-element-ee097fe elementor-widget__width-auto mybtn elementor-widget elementor-widget-button\" data-id=\"ee097fe\" data-element_type=\"widget\" data-widget_type=\"button.default\">\n\t\t\t\t<div class=\"elementor-widget-container\">\n\t\t\t\t\t\t\t\t\t<div class=\"elementor-button-wrapper\">\n\t\t\t\t\t<a class=\"elementor-button elementor-button-link elementor-size-sm\" href=\"mailto:info@hallenbarter-nordic.ch\">\n\t\t\t\t\t\t<span class=\"elementor-button-content-wrapper\">\n\t\t\t\t\t\t\t\t\t<span class=\"elementor-button-text\">Demander un cours de biathlon maintenant<\/span>\n\t\t\t\t\t<\/span>\n\t\t\t\t\t<\/a>\n\t\t\t\t<\/div>\n\t\t\t\t\t\t\t\t<\/div>\n\t\t\t\t<\/div>\n\t\t\t\t<\/div>\n\t\t\t\t\t<\/div>\n\t\t\t\t<\/div>\n\t\t<div class=\"elementor-element elementor-element-2ef96c5 e-flex e-con-boxed e-con e-parent\" data-id=\"2ef96c5\" data-element_type=\"container\" data-settings=\"{&quot;background_background&quot;:&quot;classic&quot;,&quot;background_motion_fx_motion_fx_scrolling&quot;:&quot;yes&quot;,&quot;background_motion_fx_translateY_effect&quot;:&quot;yes&quot;,&quot;background_motion_fx_translateY_speed&quot;:{&quot;unit&quot;:&quot;px&quot;,&quot;size&quot;:2,&quot;sizes&quot;:[]},&quot;background_motion_fx_translateY_affectedRange&quot;:{&quot;unit&quot;:&quot;%&quot;,&quot;size&quot;:&quot;&quot;,&quot;sizes&quot;:{&quot;start&quot;:0,&quot;end&quot;:100}},&quot;background_motion_fx_devices&quot;:[&quot;desktop&quot;,&quot;laptop&quot;,&quot;tablet_extra&quot;,&quot;tablet&quot;,&quot;mobile_extra&quot;,&quot;mobile&quot;]}\">\n\t\t\t\t\t<div class=\"e-con-inner\">\n\t\t\t\t<div class=\"elementor-element elementor-element-a805129 elementor-widget__width-initial elementor-widget elementor-widget-text-editor\" data-id=\"a805129\" data-element_type=\"widget\" data-widget_type=\"text-editor.default\">\n\t\t\t\t<div class=\"elementor-widget-container\">\n\t\t\t\t\t\t\t\t\t<p>Un enseignement avec de la personnalit\u00e9<\/p>\t\t\t\t\t\t\t\t<\/div>\n\t\t\t\t<\/div>\n\t\t\t\t<div class=\"elementor-element elementor-element-ae77339 elementor-widget__width-initial elementor-widget elementor-widget-text-editor\" data-id=\"ae77339\" data-element_type=\"widget\" data-widget_type=\"text-editor.default\">\n\t\t\t\t<div class=\"elementor-widget-container\">\n\t\t\t\t\t\t\t\t\t<p>Nos enseignants ont beaucoup d&rsquo;exp\u00e9rience, de patience et d&rsquo;enthousiasme. Chaque le\u00e7on est adapt\u00e9e individuellement au niveau du groupe. Nous nous ferons un plaisir de vous conseiller par t\u00e9l\u00e9phone ou par e-mail.  <\/p>\t\t\t\t\t\t\t\t<\/div>\n\t\t\t\t<\/div>\n\t\t<div class=\"elementor-element elementor-element-985296f e-con-full e-flex e-con e-child\" data-id=\"985296f\" data-element_type=\"container\">\n\t\t\t\t<div class=\"elementor-element elementor-element-2e07268 elementor-widget__width-auto mybtn elementor-widget elementor-widget-button\" data-id=\"2e07268\" data-element_type=\"widget\" data-widget_type=\"button.default\">\n\t\t\t\t<div class=\"elementor-widget-container\">\n\t\t\t\t\t\t\t\t\t<div class=\"elementor-button-wrapper\">\n\t\t\t\t\t<a class=\"elementor-button elementor-button-link elementor-size-sm\" href=\"https:\/\/www.hallenbarter-nordic.ch\/fr\/equipe\/\">\n\t\t\t\t\t\t<span class=\"elementor-button-content-wrapper\">\n\t\t\t\t\t\t\t\t\t<span class=\"elementor-button-text\">Conna\u00eetre notre \u00e9quipe<\/span>\n\t\t\t\t\t<\/span>\n\t\t\t\t\t<\/a>\n\t\t\t\t<\/div>\n\t\t\t\t\t\t\t\t<\/div>\n\t\t\t\t<\/div>\n\t\t\t\t<div class=\"elementor-element elementor-element-15d05c2 elementor-widget__width-auto mybtn elementor-widget elementor-widget-button\" data-id=\"15d05c2\" data-element_type=\"widget\" data-widget_type=\"button.default\">\n\t\t\t\t<div class=\"elementor-widget-container\">\n\t\t\t\t\t\t\t\t\t<div class=\"elementor-button-wrapper\">\n\t\t\t\t\t<a class=\"elementor-button elementor-button-link elementor-size-sm\" href=\"https:\/\/www.hallenbarter-nordic.ch\/fr\/faq\/\">\n\t\t\t\t\t\t<span class=\"elementor-button-content-wrapper\">\n\t\t\t\t\t\t\t\t\t<span class=\"elementor-button-text\">Questions fr\u00e9quentes<\/span>\n\t\t\t\t\t<\/span>\n\t\t\t\t\t<\/a>\n\t\t\t\t<\/div>\n\t\t\t\t\t\t\t\t<\/div>\n\t\t\t\t<\/div>\n\t\t\t\t<\/div>\n\t\t\t\t\t<\/div>\n\t\t\t\t<\/div>\n\t\t\t\t<\/div>\n\t\t","protected":false},"excerpt":{"rendered":"<p>Biathlon avec Benjamin Weger \u00catre biathl\u00e8te un jour. Plongez dans le monde fascinant du biathlon. Avec Benjamin Weger, un biathl\u00e8te chevronn\u00e9 avec 20 ans d\u2019exp\u00e9rience au plus haut niveau, vous explorerez de premi\u00e8re main l\u2019alliance du ski de fond et du tir. Demander un cours de biathlon maintenant Description du cours Notre offre de biathlon [&hellip;]<\/p>\n","protected":false},"author":1,"featured_media":0,"parent":2697,"menu_order":0,"comment_status":"closed","ping_status":"closed","template":"","meta":{"_acf_changed":false,"inline_featured_image":false,"footnotes":""},"class_list":["post-2594","page","type-page","status-publish","hentry"],"acf":[],"_links":{"self":[{"href":"https:\/\/www.hallenbarter-nordic.ch\/fr\/wp-json\/wp\/v2\/pages\/2594","targetHints":{"allow":["GET"]}}],"collection":[{"href":"https:\/\/www.hallenbarter-nordic.ch\/fr\/wp-json\/wp\/v2\/pages"}],"about":[{"href":"https:\/\/www.hallenbarter-nordic.ch\/fr\/wp-json\/wp\/v2\/types\/page"}],"author":[{"embeddable":true,"href":"https:\/\/www.hallenbarter-nordic.ch\/fr\/wp-json\/wp\/v2\/users\/1"}],"replies":[{"embeddable":true,"href":"https:\/\/www.hallenbarter-nordic.ch\/fr\/wp-json\/wp\/v2\/comments?post=2594"}],"version-history":[{"count":4,"href":"https:\/\/www.hallenbarter-nordic.ch\/fr\/wp-json\/wp\/v2\/pages\/2594\/revisions"}],"predecessor-version":[{"id":2981,"href":"https:\/\/www.hallenbarter-nordic.ch\/fr\/wp-json\/wp\/v2\/pages\/2594\/revisions\/2981"}],"up":[{"embeddable":true,"href":"https:\/\/www.hallenbarter-nordic.ch\/fr\/wp-json\/wp\/v2\/pages\/2697"}],"wp:attachment":[{"href":"https:\/\/www.hallenbarter-nordic.ch\/fr\/wp-json\/wp\/v2\/media?parent=2594"}],"curies":[{"name":"wp","href":"https:\/\/api.w.org\/{rel}","templated":true}]}}