{"id":2580,"date":"2025-07-11T16:36:23","date_gmt":"2025-07-11T14:36:23","guid":{"rendered":"https:\/\/dev.sem-webagentur.de\/hallenbarter\/fatbikes\/"},"modified":"2025-08-21T12:31:16","modified_gmt":"2025-08-21T10:31:16","slug":"fatbikes","status":"publish","type":"page","link":"https:\/\/www.hallenbarter-nordic.ch\/fr\/boutique-de-sport-hallenbarter\/fatbikes\/","title":{"rendered":"Fatbikes"},"content":{"rendered":"\t\t<div data-elementor-type=\"wp-page\" data-elementor-id=\"2580\" class=\"elementor elementor-2580 elementor-1106\" data-elementor-post-type=\"page\">\n\t\t\t\t<div class=\"elementor-element elementor-element-9142a26 e-con-full animated-slow e-flex elementor-invisible e-con e-parent\" data-id=\"9142a26\" data-element_type=\"container\" data-settings=\"{&quot;animation&quot;:&quot;fadeIn&quot;}\">\n\t\t\t\t<div class=\"elementor-element elementor-element-fdf6fa1 elementor-absolute elementor-widget__width-auto elementor-widget elementor-widget-text-path\" data-id=\"fdf6fa1\" data-element_type=\"widget\" data-settings=\"{&quot;text&quot;:&quot;Ton sp\\u00e9cialiste du ski de fond dans la vall\\u00e9e de Conches - Valais.  &quot;,&quot;_position&quot;:&quot;absolute&quot;,&quot;align&quot;:&quot;left&quot;,&quot;motion_fx_motion_fx_scrolling&quot;:&quot;yes&quot;,&quot;motion_fx_rotateZ_effect&quot;:&quot;yes&quot;,&quot;link&quot;:{&quot;url&quot;:&quot;&quot;,&quot;is_external&quot;:&quot;&quot;,&quot;nofollow&quot;:&quot;&quot;,&quot;custom_attributes&quot;:&quot;&quot;},&quot;start_point&quot;:{&quot;unit&quot;:&quot;%&quot;,&quot;size&quot;:0,&quot;sizes&quot;:[]},&quot;motion_fx_rotateZ_speed&quot;:{&quot;unit&quot;:&quot;px&quot;,&quot;size&quot;:1,&quot;sizes&quot;:[]},&quot;motion_fx_rotateZ_affectedRange&quot;:{&quot;unit&quot;:&quot;%&quot;,&quot;size&quot;:&quot;&quot;,&quot;sizes&quot;:{&quot;start&quot;:0,&quot;end&quot;:100}},&quot;motion_fx_devices&quot;:[&quot;desktop&quot;,&quot;laptop&quot;,&quot;tablet_extra&quot;,&quot;tablet&quot;,&quot;mobile_extra&quot;,&quot;mobile&quot;]}\" data-widget_type=\"text-path.default\">\n\t\t\t\t<div class=\"elementor-widget-container\">\n\t\t\t\t\t\t\t<div class=\"e-text-path\" data-text=\"Ton sp&eacute;cialiste du ski de fond dans la vall&eacute;e de Conches - Valais.  \" data-url=\"\/\/www.hallenbarter-nordic.ch\/wp-content\/plugins\/elementor\/assets\/svg-paths\/circle.svg\" data-link-url=\"\"><\/div>\n\t\t\t\t\t\t<\/div>\n\t\t\t\t<\/div>\n\t\t<div class=\"elementor-element elementor-element-2ef0649 e-con-full e-flex e-con e-child\" data-id=\"2ef0649\" data-element_type=\"container\">\n\t\t<div class=\"elementor-element elementor-element-6db472c e-con-full e-flex e-con e-child\" data-id=\"6db472c\" data-element_type=\"container\">\n\t\t\t\t<div class=\"elementor-element elementor-element-2dfb7e1 elementor-widget elementor-widget-heading\" data-id=\"2dfb7e1\" data-element_type=\"widget\" data-widget_type=\"heading.default\">\n\t\t\t\t<div class=\"elementor-widget-container\">\n\t\t\t\t\t<h1 class=\"elementor-heading-title elementor-size-default\">Fatbikes<\/h1>\t\t\t\t<\/div>\n\t\t\t\t<\/div>\n\t\t\t\t<div class=\"elementor-element elementor-element-c29c99d elementor-widget__width-initial elementor-widget elementor-widget-heading\" data-id=\"c29c99d\" data-element_type=\"widget\" data-widget_type=\"heading.default\">\n\t\t\t\t<div class=\"elementor-widget-container\">\n\t\t\t\t\t<h2 class=\"elementor-heading-title elementor-size-default\">Vivez l'hiver dans la vall\u00e9e de Conches sur deux roues<\/h2>\t\t\t\t<\/div>\n\t\t\t\t<\/div>\n\t\t\t\t<div class=\"elementor-element elementor-element-2923788 elementor-widget__width-initial elementor-widget elementor-widget-text-editor\" data-id=\"2923788\" data-element_type=\"widget\" data-widget_type=\"text-editor.default\">\n\t\t\t\t<div class=\"elementor-widget-container\">\n\t\t\t\t\t\t\t\t\t<p>Avec nos fatbikes pour toutes les conditions d&rsquo;enneigement<\/p>\t\t\t\t\t\t\t\t<\/div>\n\t\t\t\t<\/div>\n\t\t\t\t<\/div>\n\t\t\t\t<\/div>\n\t\t<div class=\"elementor-element elementor-element-43823f9 e-con-full e-flex e-con e-child\" data-id=\"43823f9\" data-element_type=\"container\" data-settings=\"{&quot;background_background&quot;:&quot;classic&quot;}\">\n\t\t\t\t<\/div>\n\t\t\t\t<\/div>\n\t\t<div class=\"elementor-element elementor-element-5f74139 e-flex e-con-boxed e-con e-parent\" data-id=\"5f74139\" data-element_type=\"container\" data-settings=\"{&quot;background_background&quot;:&quot;classic&quot;}\">\n\t\t\t\t\t<div class=\"e-con-inner\">\n\t\t<div class=\"elementor-element elementor-element-e0c8c0c e-con-full animated-slow e-flex elementor-invisible e-con e-child\" data-id=\"e0c8c0c\" data-element_type=\"container\" data-settings=\"{&quot;animation&quot;:&quot;fadeIn&quot;}\">\n\t\t\t\t<div class=\"elementor-element elementor-element-908abe5 elementor-widget elementor-widget-heading\" data-id=\"908abe5\" data-element_type=\"widget\" data-widget_type=\"heading.default\">\n\t\t\t\t<div class=\"elementor-widget-container\">\n\t\t\t\t\t<h2 class=\"elementor-heading-title elementor-size-default\">Que sont les fatbikes ?<\/h2>\t\t\t\t<\/div>\n\t\t\t\t<\/div>\n\t\t\t\t<div class=\"elementor-element elementor-element-8536bde elementor-widget__width-initial elementor-widget elementor-widget-heading\" data-id=\"8536bde\" data-element_type=\"widget\" data-widget_type=\"heading.default\">\n\t\t\t\t<div class=\"elementor-widget-container\">\n\t\t\t\t\t<h2 class=\"elementor-heading-title elementor-size-default\">Fatbike dans la vall\u00e9e de Conches<\/h2>\t\t\t\t<\/div>\n\t\t\t\t<\/div>\n\t\t\t\t<\/div>\n\t\t<div class=\"elementor-element elementor-element-dd47059 e-con-full animated-slow e-flex elementor-invisible e-con e-child\" data-id=\"dd47059\" data-element_type=\"container\" data-settings=\"{&quot;animation&quot;:&quot;fadeIn&quot;}\">\n\t\t\t\t<div class=\"elementor-element elementor-element-7e9fde4 elementor-widget elementor-widget-text-editor\" data-id=\"7e9fde4\" data-element_type=\"widget\" data-widget_type=\"text-editor.default\">\n\t\t\t\t<div class=\"elementor-widget-container\">\n\t\t\t\t\t\t\t\t\t<p>Traverser la neige en fatbike - une exp\u00e9rience particuli\u00e8re sur les sentiers de randonn\u00e9e hivernale parfaitement pr\u00e9par\u00e9s de la vall\u00e9e de Conches. Gr\u00e2ce aux pneus larges, vous gardez le contr\u00f4le m\u00eame sur les chemins enneig\u00e9s et pouvez profiter pleinement du paysage hivernal. Veuillez noter que le fatbike est exclusivement autoris\u00e9 sur les chemins de randonn\u00e9e hivernale et non sur les pistes de ski de fond.  <\/p>\t\t\t\t\t\t\t\t<\/div>\n\t\t\t\t<\/div>\n\t\t\t\t<div class=\"elementor-element elementor-element-7add973 elementor-widget__width-auto mybtn elementor-widget elementor-widget-button\" data-id=\"7add973\" data-element_type=\"widget\" data-widget_type=\"button.default\">\n\t\t\t\t<div class=\"elementor-widget-container\">\n\t\t\t\t\t\t\t\t\t<div class=\"elementor-button-wrapper\">\n\t\t\t\t\t<a class=\"elementor-button elementor-button-link elementor-size-sm\" href=\"#preise\">\n\t\t\t\t\t\t<span class=\"elementor-button-content-wrapper\">\n\t\t\t\t\t\t\t\t\t<span class=\"elementor-button-text\">Prix de location<\/span>\n\t\t\t\t\t<\/span>\n\t\t\t\t\t<\/a>\n\t\t\t\t<\/div>\n\t\t\t\t\t\t\t\t<\/div>\n\t\t\t\t<\/div>\n\t\t\t\t<\/div>\n\t\t<div class=\"elementor-element elementor-element-50bd09e e-con-full e-flex e-con e-child\" data-id=\"50bd09e\" data-element_type=\"container\">\n\t\t\t\t<div class=\"elementor-element elementor-element-3570417 elementor-widget elementor-widget-image\" data-id=\"3570417\" data-element_type=\"widget\" data-widget_type=\"image.default\">\n\t\t\t\t<div class=\"elementor-widget-container\">\n\t\t\t\t\t\t\t\t\t\t\t\t\t\t\t<img fetchpriority=\"high\" decoding=\"async\" width=\"683\" height=\"1024\" src=\"https:\/\/www.hallenbarter-nordic.ch\/wp-content\/uploads\/2025\/07\/hallenbarter-sport-shop-fatbikes2.jpg\" class=\"attachment-large size-large wp-image-2288\" alt=\"\" \/>\t\t\t\t\t\t\t\t\t\t\t\t\t\t\t<\/div>\n\t\t\t\t<\/div>\n\t\t\t\t<\/div>\n\t\t\t\t\t<\/div>\n\t\t\t\t<\/div>\n\t\t<div class=\"elementor-element elementor-element-c7e00ae e-flex e-con-boxed e-con e-parent\" data-id=\"c7e00ae\" data-element_type=\"container\" id=\"preise\" data-settings=\"{&quot;background_background&quot;:&quot;classic&quot;}\">\n\t\t\t\t\t<div class=\"e-con-inner\">\n\t\t<div class=\"elementor-element elementor-element-cec20b4 e-con-full e-flex e-con e-child\" data-id=\"cec20b4\" data-element_type=\"container\">\n\t\t\t\t<div class=\"elementor-element elementor-element-74a095d elementor-widget elementor-widget-heading\" data-id=\"74a095d\" data-element_type=\"widget\" data-widget_type=\"heading.default\">\n\t\t\t\t<div class=\"elementor-widget-container\">\n\t\t\t\t\t<h1 class=\"elementor-heading-title elementor-size-default\">Location \u00e0 l'heure ou \u00e0 la journ\u00e9e<\/h1>\t\t\t\t<\/div>\n\t\t\t\t<\/div>\n\t\t\t\t<div class=\"elementor-element elementor-element-b0c2394 elementor-widget__width-initial elementor-widget elementor-widget-heading\" data-id=\"b0c2394\" data-element_type=\"widget\" data-widget_type=\"heading.default\">\n\t\t\t\t<div class=\"elementor-widget-container\">\n\t\t\t\t\t<h2 class=\"elementor-heading-title elementor-size-default\">Prix de location<\/h2>\t\t\t\t<\/div>\n\t\t\t\t<\/div>\n\t\t\t\t<div class=\"elementor-element elementor-element-f61b508 elementor-widget elementor-widget-image\" data-id=\"f61b508\" data-element_type=\"widget\" data-widget_type=\"image.default\">\n\t\t\t\t<div class=\"elementor-widget-container\">\n\t\t\t\t\t\t\t\t\t\t\t\t\t\t\t<img decoding=\"async\" width=\"1162\" height=\"144\" src=\"https:\/\/www.hallenbarter-nordic.ch\/wp-content\/uploads\/2025\/07\/Hallenbarter-Sport-Shop-Mietpreise-Fatbikes.jpg\" class=\"attachment-full size-full wp-image-2410\" alt=\"\" \/>\t\t\t\t\t\t\t\t\t\t\t\t\t\t\t<\/div>\n\t\t\t\t<\/div>\n\t\t\t\t<\/div>\n\t\t\t\t\t<\/div>\n\t\t\t\t<\/div>\n\t\t\t\t<\/div>\n\t\t","protected":false},"excerpt":{"rendered":"<p>Fatbikes Vivez l&rsquo;hiver dans la vall\u00e9e de Conches sur deux roues Avec nos fatbikes pour toutes les conditions d&rsquo;enneigement Que sont les fatbikes ? Fatbike dans la vall\u00e9e de Conches Traverser la neige en fatbike - une exp\u00e9rience particuli\u00e8re sur les sentiers de randonn\u00e9e hivernale parfaitement pr\u00e9par\u00e9s de la vall\u00e9e de Conches. Gr\u00e2ce aux pneus [&hellip;]<\/p>\n","protected":false},"author":1,"featured_media":0,"parent":2655,"menu_order":0,"comment_status":"closed","ping_status":"closed","template":"","meta":{"_acf_changed":false,"inline_featured_image":false,"footnotes":""},"class_list":["post-2580","page","type-page","status-publish","hentry"],"acf":[],"_links":{"self":[{"href":"https:\/\/www.hallenbarter-nordic.ch\/fr\/wp-json\/wp\/v2\/pages\/2580","targetHints":{"allow":["GET"]}}],"collection":[{"href":"https:\/\/www.hallenbarter-nordic.ch\/fr\/wp-json\/wp\/v2\/pages"}],"about":[{"href":"https:\/\/www.hallenbarter-nordic.ch\/fr\/wp-json\/wp\/v2\/types\/page"}],"author":[{"embeddable":true,"href":"https:\/\/www.hallenbarter-nordic.ch\/fr\/wp-json\/wp\/v2\/users\/1"}],"replies":[{"embeddable":true,"href":"https:\/\/www.hallenbarter-nordic.ch\/fr\/wp-json\/wp\/v2\/comments?post=2580"}],"version-history":[{"count":4,"href":"https:\/\/www.hallenbarter-nordic.ch\/fr\/wp-json\/wp\/v2\/pages\/2580\/revisions"}],"predecessor-version":[{"id":2839,"href":"https:\/\/www.hallenbarter-nordic.ch\/fr\/wp-json\/wp\/v2\/pages\/2580\/revisions\/2839"}],"up":[{"embeddable":true,"href":"https:\/\/www.hallenbarter-nordic.ch\/fr\/wp-json\/wp\/v2\/pages\/2655"}],"wp:attachment":[{"href":"https:\/\/www.hallenbarter-nordic.ch\/fr\/wp-json\/wp\/v2\/media?parent=2580"}],"curies":[{"name":"wp","href":"https:\/\/api.w.org\/{rel}","templated":true}]}}