{"id":2576,"date":"2025-07-11T16:32:30","date_gmt":"2025-07-11T14:32:30","guid":{"rendered":"https:\/\/dev.sem-webagentur.de\/hallenbarter\/raquettes-a-neige\/"},"modified":"2025-08-21T12:32:08","modified_gmt":"2025-08-21T10:32:08","slug":"raquettes-a-neige","status":"publish","type":"page","link":"https:\/\/www.hallenbarter-nordic.ch\/fr\/boutique-de-sport-hallenbarter\/raquettes-a-neige\/","title":{"rendered":"Raquettes \u00e0 neige"},"content":{"rendered":"\t\t<div data-elementor-type=\"wp-page\" data-elementor-id=\"2576\" class=\"elementor elementor-2576 elementor-1094\" data-elementor-post-type=\"page\">\n\t\t\t\t<div class=\"elementor-element elementor-element-9142a26 e-con-full animated-slow e-flex elementor-invisible e-con e-parent\" data-id=\"9142a26\" data-element_type=\"container\" data-settings=\"{&quot;animation&quot;:&quot;fadeIn&quot;}\">\n\t\t\t\t<div class=\"elementor-element elementor-element-fdf6fa1 elementor-absolute elementor-widget__width-auto elementor-widget elementor-widget-text-path\" data-id=\"fdf6fa1\" data-element_type=\"widget\" data-settings=\"{&quot;text&quot;:&quot;Ton sp\\u00e9cialiste du ski de fond dans la vall\\u00e9e de Conches - Valais.  &quot;,&quot;_position&quot;:&quot;absolute&quot;,&quot;align&quot;:&quot;left&quot;,&quot;motion_fx_motion_fx_scrolling&quot;:&quot;yes&quot;,&quot;motion_fx_rotateZ_effect&quot;:&quot;yes&quot;,&quot;link&quot;:{&quot;url&quot;:&quot;&quot;,&quot;is_external&quot;:&quot;&quot;,&quot;nofollow&quot;:&quot;&quot;,&quot;custom_attributes&quot;:&quot;&quot;},&quot;start_point&quot;:{&quot;unit&quot;:&quot;%&quot;,&quot;size&quot;:0,&quot;sizes&quot;:[]},&quot;motion_fx_rotateZ_speed&quot;:{&quot;unit&quot;:&quot;px&quot;,&quot;size&quot;:1,&quot;sizes&quot;:[]},&quot;motion_fx_rotateZ_affectedRange&quot;:{&quot;unit&quot;:&quot;%&quot;,&quot;size&quot;:&quot;&quot;,&quot;sizes&quot;:{&quot;start&quot;:0,&quot;end&quot;:100}},&quot;motion_fx_devices&quot;:[&quot;desktop&quot;,&quot;laptop&quot;,&quot;tablet_extra&quot;,&quot;tablet&quot;,&quot;mobile_extra&quot;,&quot;mobile&quot;]}\" data-widget_type=\"text-path.default\">\n\t\t\t\t<div class=\"elementor-widget-container\">\n\t\t\t\t\t\t\t<div class=\"e-text-path\" data-text=\"Ton sp&eacute;cialiste du ski de fond dans la vall&eacute;e de Conches - Valais.  \" data-url=\"\/\/www.hallenbarter-nordic.ch\/wp-content\/plugins\/elementor\/assets\/svg-paths\/circle.svg\" data-link-url=\"\"><\/div>\n\t\t\t\t\t\t<\/div>\n\t\t\t\t<\/div>\n\t\t<div class=\"elementor-element elementor-element-2ef0649 e-con-full e-flex e-con e-child\" data-id=\"2ef0649\" data-element_type=\"container\">\n\t\t<div class=\"elementor-element elementor-element-6db472c e-con-full e-flex e-con e-child\" data-id=\"6db472c\" data-element_type=\"container\">\n\t\t\t\t<div class=\"elementor-element elementor-element-2dfb7e1 elementor-widget elementor-widget-heading\" data-id=\"2dfb7e1\" data-element_type=\"widget\" data-widget_type=\"heading.default\">\n\t\t\t\t<div class=\"elementor-widget-container\">\n\t\t\t\t\t<h1 class=\"elementor-heading-title elementor-size-default\">La fascination de la randonn\u00e9e hivernale<\/h1>\t\t\t\t<\/div>\n\t\t\t\t<\/div>\n\t\t\t\t<div class=\"elementor-element elementor-element-c29c99d elementor-widget__width-initial elementor-widget elementor-widget-heading\" data-id=\"c29c99d\" data-element_type=\"widget\" data-widget_type=\"heading.default\">\n\t\t\t\t<div class=\"elementor-widget-container\">\n\t\t\t\t\t<h2 class=\"elementor-heading-title elementor-size-default\">Raquettes \u00e0 neige<\/h2>\t\t\t\t<\/div>\n\t\t\t\t<\/div>\n\t\t\t\t<div class=\"elementor-element elementor-element-2923788 elementor-widget__width-initial elementor-widget elementor-widget-text-editor\" data-id=\"2923788\" data-element_type=\"widget\" data-widget_type=\"text-editor.default\">\n\t\t\t\t<div class=\"elementor-widget-container\">\n\t\t\t\t\t\t\t\t\t<p>D\u00e9couvrez le silence hivernal de la vall\u00e9e de Conches - en raquettes ou avec des b\u00e2tons de nordic walking.<\/p>\t\t\t\t\t\t\t\t<\/div>\n\t\t\t\t<\/div>\n\t\t\t\t<\/div>\n\t\t\t\t<\/div>\n\t\t<div class=\"elementor-element elementor-element-43823f9 e-con-full e-flex e-con e-child\" data-id=\"43823f9\" data-element_type=\"container\" data-settings=\"{&quot;background_background&quot;:&quot;classic&quot;}\">\n\t\t\t\t<\/div>\n\t\t\t\t<\/div>\n\t\t<div class=\"elementor-element elementor-element-5f74139 e-flex e-con-boxed e-con e-parent\" data-id=\"5f74139\" data-element_type=\"container\" data-settings=\"{&quot;background_background&quot;:&quot;classic&quot;}\">\n\t\t\t\t\t<div class=\"e-con-inner\">\n\t\t<div class=\"elementor-element elementor-element-e0c8c0c e-con-full animated-slow e-flex elementor-invisible e-con e-child\" data-id=\"e0c8c0c\" data-element_type=\"container\" data-settings=\"{&quot;animation&quot;:&quot;fadeIn&quot;}\">\n\t\t\t\t<div class=\"elementor-element elementor-element-908abe5 elementor-widget elementor-widget-heading\" data-id=\"908abe5\" data-element_type=\"widget\" data-widget_type=\"heading.default\">\n\t\t\t\t<div class=\"elementor-widget-container\">\n\t\t\t\t\t<h2 class=\"elementor-heading-title elementor-size-default\">For\u00eats enneig\u00e9es &amp; sentiers d'hiver<\/h2>\t\t\t\t<\/div>\n\t\t\t\t<\/div>\n\t\t\t\t<div class=\"elementor-element elementor-element-8536bde elementor-widget__width-initial elementor-widget elementor-widget-heading\" data-id=\"8536bde\" data-element_type=\"widget\" data-widget_type=\"heading.default\">\n\t\t\t\t<div class=\"elementor-widget-container\">\n\t\t\t\t\t<h2 class=\"elementor-heading-title elementor-size-default\">En route \u00e0 pas feutr\u00e9s.<\/h2>\t\t\t\t<\/div>\n\t\t\t\t<\/div>\n\t\t\t\t<\/div>\n\t\t<div class=\"elementor-element elementor-element-dd47059 e-con-full animated-slow e-flex elementor-invisible e-con e-child\" data-id=\"dd47059\" data-element_type=\"container\" data-settings=\"{&quot;animation&quot;:&quot;fadeIn&quot;}\">\n\t\t\t\t<div class=\"elementor-element elementor-element-7e9fde4 elementor-widget elementor-widget-text-editor\" data-id=\"7e9fde4\" data-element_type=\"widget\" data-widget_type=\"text-editor.default\">\n\t\t\t\t<div class=\"elementor-widget-container\">\n\t\t\t\t\t\t\t\t\t<p>Que ce soit en raquettes \u00e0 travers les for\u00eats profond\u00e9ment enneig\u00e9es ou avec des b\u00e2tons de nordic walking le long des chemins d&rsquo;hiver - la vall\u00e9e de Conches offre des conditions id\u00e9ales pour une activit\u00e9 physique savoureuse dans la nature. Hallenbarter Sport Shop tient l&rsquo;\u00e9quipement ad\u00e9quat \u00e0 votre disposition. Et si vous cherchez de l&rsquo;aide pour d\u00e9buter, vous pouvez profiter de nos conseils techniques ou d&rsquo;un cours. Vous d\u00e9couvrirez ainsi le c\u00f4t\u00e9 calme et authentique de l&rsquo;hiver.   <\/p>\t\t\t\t\t\t\t\t<\/div>\n\t\t\t\t<\/div>\n\t\t\t\t<div class=\"elementor-element elementor-element-bb6a8b7 elementor-widget__width-auto mybtn elementor-widget elementor-widget-button\" data-id=\"bb6a8b7\" data-element_type=\"widget\" data-widget_type=\"button.default\">\n\t\t\t\t<div class=\"elementor-widget-container\">\n\t\t\t\t\t\t\t\t\t<div class=\"elementor-button-wrapper\">\n\t\t\t\t\t<a class=\"elementor-button elementor-button-link elementor-size-sm\" href=\"#preise\">\n\t\t\t\t\t\t<span class=\"elementor-button-content-wrapper\">\n\t\t\t\t\t\t\t\t\t<span class=\"elementor-button-text\">Prix de location<\/span>\n\t\t\t\t\t<\/span>\n\t\t\t\t\t<\/a>\n\t\t\t\t<\/div>\n\t\t\t\t\t\t\t\t<\/div>\n\t\t\t\t<\/div>\n\t\t\t\t<\/div>\n\t\t<div class=\"elementor-element elementor-element-50bd09e e-con-full e-flex e-con e-child\" data-id=\"50bd09e\" data-element_type=\"container\">\n\t\t\t\t<div class=\"elementor-element elementor-element-3570417 elementor-widget elementor-widget-image\" data-id=\"3570417\" data-element_type=\"widget\" data-widget_type=\"image.default\">\n\t\t\t\t<div class=\"elementor-widget-container\">\n\t\t\t\t\t\t\t\t\t\t\t\t\t\t\t<img fetchpriority=\"high\" decoding=\"async\" width=\"683\" height=\"1024\" src=\"https:\/\/www.hallenbarter-nordic.ch\/wp-content\/uploads\/2025\/07\/hallenbarter-sport-shop-schneeschuhe-nordic-walking.jpg\" class=\"attachment-large size-large wp-image-2282\" alt=\"\" \/>\t\t\t\t\t\t\t\t\t\t\t\t\t\t\t<\/div>\n\t\t\t\t<\/div>\n\t\t\t\t<\/div>\n\t\t\t\t\t<\/div>\n\t\t\t\t<\/div>\n\t\t<div class=\"elementor-element elementor-element-6007153 e-flex e-con-boxed e-con e-parent\" data-id=\"6007153\" data-element_type=\"container\" data-settings=\"{&quot;background_background&quot;:&quot;classic&quot;}\">\n\t\t\t\t\t<div class=\"e-con-inner\">\n\t\t<div class=\"elementor-element elementor-element-95d4e67 e-con-full e-flex e-con e-child\" data-id=\"95d4e67\" data-element_type=\"container\">\n\t\t\t\t<div class=\"elementor-element elementor-element-22603ba elementor-widget elementor-widget-heading\" data-id=\"22603ba\" data-element_type=\"widget\" data-widget_type=\"heading.default\">\n\t\t\t\t<div class=\"elementor-widget-container\">\n\t\t\t\t\t<span class=\"elementor-heading-title elementor-size-default\">Offre<\/span>\t\t\t\t<\/div>\n\t\t\t\t<\/div>\n\t\t\t\t<div class=\"elementor-element elementor-element-dcdd30d elementor-widget__width-initial elementor-widget elementor-widget-heading\" data-id=\"dcdd30d\" data-element_type=\"widget\" data-widget_type=\"heading.default\">\n\t\t\t\t<div class=\"elementor-widget-container\">\n\t\t\t\t\t<h2 class=\"elementor-heading-title elementor-size-default\">Aper\u00e7u de nos offres<br> <\/h2>\t\t\t\t<\/div>\n\t\t\t\t<\/div>\n\t\t<div class=\"elementor-element elementor-element-84bb92f e-con-full e-grid e-con e-child\" data-id=\"84bb92f\" data-element_type=\"container\">\n\t\t<div class=\"elementor-element elementor-element-629d207 e-con-full e-flex e-con e-child\" data-id=\"629d207\" data-element_type=\"container\" data-settings=\"{&quot;background_background&quot;:&quot;classic&quot;}\">\n\t\t<div class=\"elementor-element elementor-element-337ecfa e-con-full e-flex e-con e-child\" data-id=\"337ecfa\" data-element_type=\"container\" data-settings=\"{&quot;background_background&quot;:&quot;classic&quot;}\">\n\t\t\t\t<div class=\"elementor-element elementor-element-47ffb62 elementor-widget elementor-widget-image\" data-id=\"47ffb62\" data-element_type=\"widget\" data-widget_type=\"image.default\">\n\t\t\t\t<div class=\"elementor-widget-container\">\n\t\t\t\t\t\t\t\t\t\t\t\t\t\t\t<img decoding=\"async\" src=\"https:\/\/www.hallenbarter-nordic.ch\/wp-content\/uploads\/elementor\/thumbs\/hallenbarter-sport-shop-schneeschuhe-1-rcuhvbc3brt9n17h6l2xofnpozhpiwdmt579jcszls.jpg\" title=\"hallenbarter-sport-shop-schneeschuhe\" alt=\"hallenbarter-sport-shop-schneeschuhe\" class=\"elementor-animation-grow\" loading=\"lazy\" \/>\t\t\t\t\t\t\t\t\t\t\t\t\t\t\t<\/div>\n\t\t\t\t<\/div>\n\t\t\t\t<\/div>\n\t\t<div class=\"elementor-element elementor-element-9011ffc e-con-full e-flex e-con e-child\" data-id=\"9011ffc\" data-element_type=\"container\">\n\t\t\t\t<div class=\"elementor-element elementor-element-79bf9d5 elementor-widget elementor-widget-heading\" data-id=\"79bf9d5\" data-element_type=\"widget\" data-widget_type=\"heading.default\">\n\t\t\t\t<div class=\"elementor-widget-container\">\n\t\t\t\t\t<h3 class=\"elementor-heading-title elementor-size-default\">Randonn\u00e9es en raquettes \u00e0 neige dans la vall\u00e9e de Conches<\/h3>\t\t\t\t<\/div>\n\t\t\t\t<\/div>\n\t\t\t\t<div class=\"elementor-element elementor-element-34e2b1b elementor-widget elementor-widget-text-editor\" data-id=\"34e2b1b\" data-element_type=\"widget\" data-widget_type=\"text-editor.default\">\n\t\t\t\t<div class=\"elementor-widget-container\">\n\t\t\t\t\t\t\t\t\t<p>De nombreux sentiers raquettes balis\u00e9s vous m\u00e8nent sur une longueur totale de 39 km \u00e0 travers le beau paradis de la neige qu&rsquo;est la vall\u00e9e de Conches. Loin des villages de montagne et des pistes de ski de fond, le silence de la nature vous attire. De la randonn\u00e9e sportive \u00e0 la promenade tranquille, tout est possible. Une fois lanc\u00e9, le randonneur est r\u00e9compens\u00e9 par un panorama \u00e0 couper le souffle et le calme de la nature.   <br><a href=\"https:\/\/www.goms.ch\/alle-schneeschuhtrails\" target=\"_blank\" rel=\"noopener\">D\u00e9couvrir les sentiers de raquettes<\/a><\/p>\t\t\t\t\t\t\t\t<\/div>\n\t\t\t\t<\/div>\n\t\t\t\t<\/div>\n\t\t\t\t<\/div>\n\t\t<div class=\"elementor-element elementor-element-f3abdda e-con-full e-flex e-con e-child\" data-id=\"f3abdda\" data-element_type=\"container\" data-settings=\"{&quot;background_background&quot;:&quot;classic&quot;}\">\n\t\t<div class=\"elementor-element elementor-element-a1fcb61 e-con-full e-flex e-con e-child\" data-id=\"a1fcb61\" data-element_type=\"container\" data-settings=\"{&quot;background_background&quot;:&quot;classic&quot;}\">\n\t\t\t\t<div class=\"elementor-element elementor-element-549ad60 elementor-widget elementor-widget-image\" data-id=\"549ad60\" data-element_type=\"widget\" data-widget_type=\"image.default\">\n\t\t\t\t<div class=\"elementor-widget-container\">\n\t\t\t\t\t\t\t\t\t\t\t\t\t\t\t<img decoding=\"async\" src=\"https:\/\/www.hallenbarter-nordic.ch\/wp-content\/uploads\/elementor\/thumbs\/hallenbarter-sport-shop-schneeschuhe-nordic-walking-1-rcuhvbc3brt9n17h6l2xofnpozhpiwdmt579jcszls.jpg\" title=\"hallenbarter-sport-shop-schneeschuhe-nordic-walking\" alt=\"hallenbarter-sport-shop-schneeschuhe-nordic-walking\" class=\"elementor-animation-grow\" loading=\"lazy\" \/>\t\t\t\t\t\t\t\t\t\t\t\t\t\t\t<\/div>\n\t\t\t\t<\/div>\n\t\t\t\t<\/div>\n\t\t<div class=\"elementor-element elementor-element-fdcc3a1 e-con-full e-flex e-con e-child\" data-id=\"fdcc3a1\" data-element_type=\"container\">\n\t\t\t\t<div class=\"elementor-element elementor-element-5c12e9e elementor-widget elementor-widget-heading\" data-id=\"5c12e9e\" data-element_type=\"widget\" data-widget_type=\"heading.default\">\n\t\t\t\t<div class=\"elementor-widget-container\">\n\t\t\t\t\t<h3 class=\"elementor-heading-title elementor-size-default\">Marche nordique<\/h3>\t\t\t\t<\/div>\n\t\t\t\t<\/div>\n\t\t\t\t<div class=\"elementor-element elementor-element-2b78af1 elementor-widget elementor-widget-text-editor\" data-id=\"2b78af1\" data-element_type=\"widget\" data-widget_type=\"text-editor.default\">\n\t\t\t\t<div class=\"elementor-widget-container\">\n\t\t\t\t\t\t\t\t\t<p>En forme gr\u00e2ce \u00e0 un entra\u00eenement doux de tout le corps ! Il existe de nombreuses possibilit\u00e9s d&rsquo;am\u00e9liorer votre condition physique personnelle, mais il n&rsquo;y a gu\u00e8re de variante aussi efficace et agr\u00e9able que la marche nordique. Notre \u00e9quipe d&rsquo;instructeurs est garante de la bonne technique ! Sur inscription, nous proposons des cours priv\u00e9s ou en groupe.   <\/p>\t\t\t\t\t\t\t\t<\/div>\n\t\t\t\t<\/div>\n\t\t\t\t<\/div>\n\t\t\t\t<\/div>\n\t\t\t\t<\/div>\n\t\t\t\t<\/div>\n\t\t\t\t\t<\/div>\n\t\t\t\t<\/div>\n\t\t<div class=\"elementor-element elementor-element-c7e00ae e-flex e-con-boxed e-con e-parent\" data-id=\"c7e00ae\" data-element_type=\"container\" id=\"preise\" data-settings=\"{&quot;background_background&quot;:&quot;classic&quot;}\">\n\t\t\t\t\t<div class=\"e-con-inner\">\n\t\t<div class=\"elementor-element elementor-element-d0cb85f e-con-full e-flex e-con e-child\" data-id=\"d0cb85f\" data-element_type=\"container\">\n\t\t\t\t<div class=\"elementor-element elementor-element-9b9921e elementor-widget elementor-widget-heading\" data-id=\"9b9921e\" data-element_type=\"widget\" data-widget_type=\"heading.default\">\n\t\t\t\t<div class=\"elementor-widget-container\">\n\t\t\t\t\t<span class=\"elementor-heading-title elementor-size-default\">\u00c9quipement<\/span>\t\t\t\t<\/div>\n\t\t\t\t<\/div>\n\t\t\t\t<div class=\"elementor-element elementor-element-6c62b8d elementor-widget__width-initial elementor-widget elementor-widget-heading\" data-id=\"6c62b8d\" data-element_type=\"widget\" data-widget_type=\"heading.default\">\n\t\t\t\t<div class=\"elementor-widget-container\">\n\t\t\t\t\t<h2 class=\"elementor-heading-title elementor-size-default\">Prix de location<\/h2>\t\t\t\t<\/div>\n\t\t\t\t<\/div>\n\t\t\t\t<div class=\"elementor-element elementor-element-f61b508 elementor-widget elementor-widget-image\" data-id=\"f61b508\" data-element_type=\"widget\" data-widget_type=\"image.default\">\n\t\t\t\t<div class=\"elementor-widget-container\">\n\t\t\t\t\t\t\t\t\t\t\t\t\t\t\t<img decoding=\"async\" width=\"1138\" height=\"105\" src=\"https:\/\/www.hallenbarter-nordic.ch\/wp-content\/uploads\/2025\/07\/hallenbarter-sport-shop-Schneeschuhe-preise.png\" class=\"attachment-full size-full wp-image-2284\" alt=\"\" \/>\t\t\t\t\t\t\t\t\t\t\t\t\t\t\t<\/div>\n\t\t\t\t<\/div>\n\t\t\t\t<\/div>\n\t\t\t\t\t<\/div>\n\t\t\t\t<\/div>\n\t\t\t\t<\/div>\n\t\t","protected":false},"excerpt":{"rendered":"<p>La fascination de la randonn\u00e9e hivernale Raquettes \u00e0 neige D\u00e9couvrez le silence hivernal de la vall\u00e9e de Conches - en raquettes ou avec des b\u00e2tons de nordic walking. For\u00eats enneig\u00e9es &amp; sentiers d&rsquo;hiver En route \u00e0 pas feutr\u00e9s. Que ce soit en raquettes \u00e0 travers les for\u00eats profond\u00e9ment enneig\u00e9es ou avec des b\u00e2tons de nordic [&hellip;]<\/p>\n","protected":false},"author":1,"featured_media":0,"parent":2655,"menu_order":0,"comment_status":"closed","ping_status":"closed","template":"","meta":{"_acf_changed":false,"inline_featured_image":false,"footnotes":""},"class_list":["post-2576","page","type-page","status-publish","hentry"],"acf":[],"_links":{"self":[{"href":"https:\/\/www.hallenbarter-nordic.ch\/fr\/wp-json\/wp\/v2\/pages\/2576","targetHints":{"allow":["GET"]}}],"collection":[{"href":"https:\/\/www.hallenbarter-nordic.ch\/fr\/wp-json\/wp\/v2\/pages"}],"about":[{"href":"https:\/\/www.hallenbarter-nordic.ch\/fr\/wp-json\/wp\/v2\/types\/page"}],"author":[{"embeddable":true,"href":"https:\/\/www.hallenbarter-nordic.ch\/fr\/wp-json\/wp\/v2\/users\/1"}],"replies":[{"embeddable":true,"href":"https:\/\/www.hallenbarter-nordic.ch\/fr\/wp-json\/wp\/v2\/comments?post=2576"}],"version-history":[{"count":4,"href":"https:\/\/www.hallenbarter-nordic.ch\/fr\/wp-json\/wp\/v2\/pages\/2576\/revisions"}],"predecessor-version":[{"id":2845,"href":"https:\/\/www.hallenbarter-nordic.ch\/fr\/wp-json\/wp\/v2\/pages\/2576\/revisions\/2845"}],"up":[{"embeddable":true,"href":"https:\/\/www.hallenbarter-nordic.ch\/fr\/wp-json\/wp\/v2\/pages\/2655"}],"wp:attachment":[{"href":"https:\/\/www.hallenbarter-nordic.ch\/fr\/wp-json\/wp\/v2\/media?parent=2576"}],"curies":[{"name":"wp","href":"https:\/\/api.w.org\/{rel}","templated":true}]}}